{"id":1643,"date":"2025-10-03T16:44:36","date_gmt":"2025-10-03T16:44:36","guid":{"rendered":"https:\/\/agenciam4h.com.br\/cesar\/?page_id=1643"},"modified":"2025-10-14T12:25:33","modified_gmt":"2025-10-14T12:25:33","slug":"contato","status":"publish","type":"page","link":"https:\/\/agenciam4h.com.br\/cesar\/contato\/","title":{"rendered":"Contato"},"content":{"rendered":"\t\t<div data-elementor-type=\"wp-page\" data-elementor-id=\"1643\" class=\"elementor elementor-1643\" data-elementor-post-type=\"page\">\n\t\t\t\t<div class=\"elementor-element elementor-element-247fca0 e-flex e-con-boxed e-con e-parent\" data-id=\"247fca0\" data-element_type=\"container\" data-e-type=\"container\" data-settings=\"{&quot;background_background&quot;:&quot;classic&quot;,&quot;jet_parallax_layout_list&quot;:[]}\">\n\t\t\t\t\t<div class=\"e-con-inner\">\n\t\t\t\t<div class=\"elementor-element elementor-element-31e9114 elementor-widget elementor-widget-heading\" data-id=\"31e9114\" data-element_type=\"widget\" data-e-type=\"widget\" data-widget_type=\"heading.default\">\n\t\t\t\t\t<h2 class=\"elementor-heading-title elementor-size-default\">Blog<\/h2>\t\t\t\t<\/div>\n\t\t\t\t\t<\/div>\n\t\t\t\t<\/div>\n\t\t<div class=\"elementor-element elementor-element-618585e e-flex e-con-boxed e-con e-parent\" data-id=\"618585e\" data-element_type=\"container\" data-e-type=\"container\" data-settings=\"{&quot;jet_parallax_layout_list&quot;:[],&quot;background_background&quot;:&quot;classic&quot;}\">\n\t\t\t\t\t<div class=\"e-con-inner\">\n\t\t\t\t<div class=\"elementor-element elementor-element-5d96c2f animated-slow elementor-widget__width-initial elementor-widget elementor-widget-heading\" data-id=\"5d96c2f\" data-element_type=\"widget\" data-e-type=\"widget\" data-settings=\"{&quot;_animation&quot;:&quot;none&quot;}\" data-widget_type=\"heading.default\">\n\t\t\t\t\t<h2 class=\"elementor-heading-title elementor-size-default\">Contato - Dr. C\u00e9sar Cappabianco<\/h2>\t\t\t\t<\/div>\n\t\t<div class=\"elementor-element elementor-element-1b41ce4 e-con-full animated-slow e-flex e-con e-child\" data-id=\"1b41ce4\" data-element_type=\"container\" data-e-type=\"container\" data-settings=\"{&quot;animation&quot;:&quot;none&quot;,&quot;jet_parallax_layout_list&quot;:[]}\">\n\t\t<div class=\"elementor-element elementor-element-196e18b e-con-full e-flex e-con e-child\" data-id=\"196e18b\" data-element_type=\"container\" data-e-type=\"container\" data-settings=\"{&quot;jet_parallax_layout_list&quot;:[]}\">\n\t\t\t\t<div class=\"elementor-element elementor-element-679a8cc elementor-icon-list--layout-traditional elementor-list-item-link-full_width elementor-widget elementor-widget-icon-list\" data-id=\"679a8cc\" data-element_type=\"widget\" data-e-type=\"widget\" data-widget_type=\"icon-list.default\">\n\t\t\t\t\t\t\t<ul class=\"elementor-icon-list-items\">\n\t\t\t\t\t\t\t<li class=\"elementor-icon-list-item\">\n\t\t\t\t\t\t\t\t\t\t\t<span class=\"elementor-icon-list-icon\">\n\t\t\t\t\t\t\t<svg aria-hidden=\"true\" class=\"e-font-icon-svg e-fas-map-marker-alt\" viewBox=\"0 0 384 512\" xmlns=\"http:\/\/www.w3.org\/2000\/svg\"><path d=\"M172.268 501.67C26.97 291.031 0 269.413 0 192 0 85.961 85.961 0 192 0s192 85.961 192 192c0 77.413-26.97 99.031-172.268 309.67-9.535 13.774-29.93 13.773-39.464 0zM192 272c44.183 0 80-35.817 80-80s-35.817-80-80-80-80 35.817-80 80 35.817 80 80 80z\"><\/path><\/svg>\t\t\t\t\t\t<\/span>\n\t\t\t\t\t\t\t\t\t\t<span class=\"elementor-icon-list-text\">Avenida Orosimbo Maia, 360, 6\u00ba andar, Vila Itapura, Campinas\/SP<\/span>\n\t\t\t\t\t\t\t\t\t<\/li>\n\t\t\t\t\t\t\t\t<li class=\"elementor-icon-list-item\">\n\t\t\t\t\t\t\t\t\t\t\t<a href=\"https:\/\/api.whatsapp.com\/send?phone=5519991452734&#038;text=Ol%C3%A1!Eu%20gostaria%20de%20agendar%20um%20atendimento%20com%20o%20profissional%20Cesar%20Augusto%20Menocci%20Cappabianco\" target=\"_blank\">\n\n\t\t\t\t\t\t\t\t\t\t\t\t<span class=\"elementor-icon-list-icon\">\n\t\t\t\t\t\t\t<svg aria-hidden=\"true\" class=\"e-font-icon-svg e-fab-whatsapp\" viewBox=\"0 0 448 512\" xmlns=\"http:\/\/www.w3.org\/2000\/svg\"><path d=\"M380.9 97.1C339 55.1 283.2 32 223.9 32c-122.4 0-222 99.6-222 222 0 39.1 10.2 77.3 29.6 111L0 480l117.7-30.9c32.4 17.7 68.9 27 106.1 27h.1c122.3 0 224.1-99.6 224.1-222 0-59.3-25.2-115-67.1-157zm-157 341.6c-33.2 0-65.7-8.9-94-25.7l-6.7-4-69.8 18.3L72 359.2l-4.4-7c-18.5-29.4-28.2-63.3-28.2-98.2 0-101.7 82.8-184.5 184.6-184.5 49.3 0 95.6 19.2 130.4 54.1 34.8 34.9 56.2 81.2 56.1 130.5 0 101.8-84.9 184.6-186.6 184.6zm101.2-138.2c-5.5-2.8-32.8-16.2-37.9-18-5.1-1.9-8.8-2.8-12.5 2.8-3.7 5.6-14.3 18-17.6 21.8-3.2 3.7-6.5 4.2-12 1.4-32.6-16.3-54-29.1-75.5-66-5.7-9.8 5.7-9.1 16.3-30.3 1.8-3.7.9-6.9-.5-9.7-1.4-2.8-12.5-30.1-17.1-41.2-4.5-10.8-9.1-9.3-12.5-9.5-3.2-.2-6.9-.2-10.6-.2-3.7 0-9.7 1.4-14.8 6.9-5.1 5.6-19.4 19-19.4 46.3 0 27.3 19.9 53.7 22.6 57.4 2.8 3.7 39.1 59.7 94.8 83.8 35.2 15.2 49 16.5 66.6 13.9 10.7-1.6 32.8-13.4 37.4-26.4 4.6-13 4.6-24.1 3.2-26.4-1.3-2.5-5-3.9-10.5-6.6z\"><\/path><\/svg>\t\t\t\t\t\t<\/span>\n\t\t\t\t\t\t\t\t\t\t<span class=\"elementor-icon-list-text\">(19) 99145-2734<\/span>\n\t\t\t\t\t\t\t\t\t\t\t<\/a>\n\t\t\t\t\t\t\t\t\t<\/li>\n\t\t\t\t\t\t\t\t<li class=\"elementor-icon-list-item\">\n\t\t\t\t\t\t\t\t\t\t\t<a href=\"https:\/\/www.instagram.com\/dr.cesarcappabianco\/\" target=\"_blank\">\n\n\t\t\t\t\t\t\t\t\t\t\t\t<span class=\"elementor-icon-list-icon\">\n\t\t\t\t\t\t\t<svg aria-hidden=\"true\" class=\"e-font-icon-svg e-fab-instagram\" viewBox=\"0 0 448 512\" xmlns=\"http:\/\/www.w3.org\/2000\/svg\"><path d=\"M224.1 141c-63.6 0-114.9 51.3-114.9 114.9s51.3 114.9 114.9 114.9S339 319.5 339 255.9 287.7 141 224.1 141zm0 189.6c-41.1 0-74.7-33.5-74.7-74.7s33.5-74.7 74.7-74.7 74.7 33.5 74.7 74.7-33.6 74.7-74.7 74.7zm146.4-194.3c0 14.9-12 26.8-26.8 26.8-14.9 0-26.8-12-26.8-26.8s12-26.8 26.8-26.8 26.8 12 26.8 26.8zm76.1 27.2c-1.7-35.9-9.9-67.7-36.2-93.9-26.2-26.2-58-34.4-93.9-36.2-37-2.1-147.9-2.1-184.9 0-35.8 1.7-67.6 9.9-93.9 36.1s-34.4 58-36.2 93.9c-2.1 37-2.1 147.9 0 184.9 1.7 35.9 9.9 67.7 36.2 93.9s58 34.4 93.9 36.2c37 2.1 147.9 2.1 184.9 0 35.9-1.7 67.7-9.9 93.9-36.2 26.2-26.2 34.4-58 36.2-93.9 2.1-37 2.1-147.8 0-184.8zM398.8 388c-7.8 19.6-22.9 34.7-42.6 42.6-29.5 11.7-99.5 9-132.1 9s-102.7 2.6-132.1-9c-19.6-7.8-34.7-22.9-42.6-42.6-11.7-29.5-9-99.5-9-132.1s-2.6-102.7 9-132.1c7.8-19.6 22.9-34.7 42.6-42.6 29.5-11.7 99.5-9 132.1-9s102.7-2.6 132.1 9c19.6 7.8 34.7 22.9 42.6 42.6 11.7 29.5 9 99.5 9 132.1s2.7 102.7-9 132.1z\"><\/path><\/svg>\t\t\t\t\t\t<\/span>\n\t\t\t\t\t\t\t\t\t\t<span class=\"elementor-icon-list-text\">cesarcappabianco<\/span>\n\t\t\t\t\t\t\t\t\t\t\t<\/a>\n\t\t\t\t\t\t\t\t\t<\/li>\n\t\t\t\t\t\t<\/ul>\n\t\t\t\t\t\t<\/div>\n\t\t<div class=\"elementor-element elementor-element-ee50932 e-con-full e-flex e-con e-child\" data-id=\"ee50932\" data-element_type=\"container\" data-e-type=\"container\" data-settings=\"{&quot;jet_parallax_layout_list&quot;:[]}\">\n\t\t\t\t<div class=\"elementor-element elementor-element-3c0b676 elementor-align-left animated-slow elementor-widget elementor-widget-button\" data-id=\"3c0b676\" data-element_type=\"widget\" data-e-type=\"widget\" data-settings=\"{&quot;_animation&quot;:&quot;none&quot;}\" data-widget_type=\"button.default\">\n\t\t\t\t\t\t\t\t\t\t<a class=\"elementor-button elementor-button-link elementor-size-sm elementor-animation-grow\" href=\"https:\/\/m.uber.com\/looking?drop%5B0%5D=%7B%22addressLine1%22%3A%22Av.%20Orosimbo%20Maia%2C%20360%22%2C%22addressLine2%22%3A%22-%20Vila%20Itapura%2C%20Campinas%20-%20SP%22%2C%22id%22%3A%22ChIJS0Psyq3IyJQR8cVIG7Xj3Jc%22%2C%22source%22%3A%22SEARCH%22%2C%22latitude%22%3A-22.898301%2C%22longitude%22%3A-47.0620653%2C%22provider%22%3A%22google_places%22%7D&#038;effect=&#038;marketing_vistor_id=aa57e33e-2ec4-42f0-a308-aeffa238f8c6&#038;uclick_id=453acaab-6ef6-48af-a6ee-6b25551a97fa\" target=\"_blank\">\n\t\t\t\t\t\t<span class=\"elementor-button-content-wrapper\">\n\t\t\t\t\t\t<span class=\"elementor-button-icon\">\n\t\t\t\t<svg aria-hidden=\"true\" class=\"e-font-icon-svg e-fab-uber\" viewBox=\"0 0 448 512\" xmlns=\"http:\/\/www.w3.org\/2000\/svg\"><path d=\"M414.1 32H33.9C15.2 32 0 47.2 0 65.9V446c0 18.8 15.2 34 33.9 34H414c18.7 0 33.9-15.2 33.9-33.9V65.9C448 47.2 432.8 32 414.1 32zM237.6 391.1C163 398.6 96.4 344.2 88.9 269.6h94.4V290c0 3.7 3 6.8 6.8 6.8H258c3.7 0 6.8-3 6.8-6.8v-67.9c0-3.7-3-6.8-6.8-6.8h-67.9c-3.7 0-6.8 3-6.8 6.8v20.4H88.9c7-69.4 65.4-122.2 135.1-122.2 69.7 0 128.1 52.8 135.1 122.2 7.5 74.5-46.9 141.1-121.5 148.6z\"><\/path><\/svg>\t\t\t<\/span>\n\t\t\t\t\t\t\t\t\t<span class=\"elementor-button-text\">Venha de Uber<\/span>\n\t\t\t\t\t<\/span>\n\t\t\t\t\t<\/a>\n\t\t\t\t\t\t\t\t<\/div>\n\t\t\t\t<div class=\"elementor-element elementor-element-24d16fe elementor-align-left animated-slow elementor-widget elementor-widget-button\" data-id=\"24d16fe\" data-element_type=\"widget\" data-e-type=\"widget\" data-settings=\"{&quot;_animation&quot;:&quot;none&quot;}\" data-widget_type=\"button.default\">\n\t\t\t\t\t\t\t\t\t\t<a class=\"elementor-button elementor-button-link elementor-size-sm elementor-animation-grow\" href=\"https:\/\/ul.waze.com\/ul?place=ChIJS0Psyq3IyJQR8cVIG7Xj3Jc&#038;ll=-22.89830100%2C-47.06206530&#038;navigate=yes&#038;utm_campaign=default&#038;utm_source=waze_website&#038;utm_medium=lm_share_location\" target=\"_blank\">\n\t\t\t\t\t\t<span class=\"elementor-button-content-wrapper\">\n\t\t\t\t\t\t<span class=\"elementor-button-icon\">\n\t\t\t\t<svg aria-hidden=\"true\" class=\"e-font-icon-svg e-fab-waze\" viewBox=\"0 0 512 512\" xmlns=\"http:\/\/www.w3.org\/2000\/svg\"><path d=\"M502.17 201.67C516.69 287.53 471.23 369.59 389 409.8c13 34.1-12.4 70.2-48.32 70.2a51.68 51.68 0 0 1-51.57-49c-6.44.19-64.2 0-76.33-.64A51.69 51.69 0 0 1 159 479.92c-33.86-1.36-57.95-34.84-47-67.92-37.21-13.11-72.54-34.87-99.62-70.8-13-17.28-.48-41.8 20.84-41.8 46.31 0 32.22-54.17 43.15-110.26C94.8 95.2 193.12 32 288.09 32c102.48 0 197.15 70.67 214.08 169.67zM373.51 388.28c42-19.18 81.33-56.71 96.29-102.14 40.48-123.09-64.15-228-181.71-228-83.45 0-170.32 55.42-186.07 136-9.53 48.91 5 131.35-68.75 131.35C58.21 358.6 91.6 378.11 127 389.54c24.66-21.8 63.87-15.47 79.83 14.34 14.22 1 79.19 1.18 87.9.82a51.69 51.69 0 0 1 78.78-16.42zM205.12 187.13c0-34.74 50.84-34.75 50.84 0s-50.84 34.74-50.84 0zm116.57 0c0-34.74 50.86-34.75 50.86 0s-50.86 34.75-50.86 0zm-122.61 70.69c-3.44-16.94 22.18-22.18 25.62-5.21l.06.28c4.14 21.42 29.85 44 64.12 43.07 35.68-.94 59.25-22.21 64.11-42.77 4.46-16.05 28.6-10.36 25.47 6-5.23 22.18-31.21 62-91.46 62.9-42.55 0-80.88-27.84-87.9-64.25z\"><\/path><\/svg>\t\t\t<\/span>\n\t\t\t\t\t\t\t\t\t<span class=\"elementor-button-text\">Ir com Waze<\/span>\n\t\t\t\t\t<\/span>\n\t\t\t\t\t<\/a>\n\t\t\t\t\t\t\t\t<\/div>\n\t\t\t\t<\/div>\n\t\t\t\t<\/div>\n\t\t<div class=\"elementor-element elementor-element-ae681f6 e-con-full e-flex e-con e-child\" data-id=\"ae681f6\" data-element_type=\"container\" data-e-type=\"container\" data-settings=\"{&quot;jet_parallax_layout_list&quot;:[]}\">\n\t\t\t\t<div class=\"elementor-element elementor-element-ec9922c elementor-widget elementor-widget-google_maps\" data-id=\"ec9922c\" data-element_type=\"widget\" data-e-type=\"widget\" data-widget_type=\"google_maps.default\">\n\t\t\t\t\t\t\t<div class=\"elementor-custom-embed\">\n\t\t\t<iframe loading=\"lazy\"\n\t\t\t\t\tsrc=\"https:\/\/maps.google.com\/maps?q=Avenida%20Orosimbo%20Maia%2C%20360%206%C2%BA%20andar%20Vila%20Itapura%20Campinas%2FSP&#038;t=m&#038;z=15&#038;output=embed&#038;iwloc=near\"\n\t\t\t\t\ttitle=\"Avenida Orosimbo Maia, 360 6\u00ba andar Vila Itapura Campinas\/SP\"\n\t\t\t\t\taria-label=\"Avenida Orosimbo Maia, 360 6\u00ba andar Vila Itapura Campinas\/SP\"\n\t\t\t><\/iframe>\n\t\t<\/div>\n\t\t\t\t\t\t<\/div>\n\t\t\t\t<\/div>\n\t\t\t\t<\/div>\n\t\t\t\t\t<\/div>\n\t\t\t\t<\/div>\n\t\t<div class=\"elementor-element elementor-element-15bbc73 e-flex e-con-boxed e-con e-parent\" data-id=\"15bbc73\" data-element_type=\"container\" data-e-type=\"container\" data-settings=\"{&quot;background_background&quot;:&quot;classic&quot;,&quot;jet_parallax_layout_list&quot;:[]}\">\n\t\t\t\t\t<div class=\"e-con-inner\">\n\t\t<div class=\"elementor-element elementor-element-01d462d e-con-full animated-slow e-flex e-con e-child\" data-id=\"01d462d\" data-element_type=\"container\" data-e-type=\"container\" data-settings=\"{&quot;animation&quot;:&quot;none&quot;,&quot;jet_parallax_layout_list&quot;:[]}\">\n\t\t\t\t<div class=\"elementor-element elementor-element-36b5b44 elementor-widget elementor-widget-image\" data-id=\"36b5b44\" data-element_type=\"widget\" data-e-type=\"widget\" data-widget_type=\"image.default\">\n\t\t\t\t\t\t\t\t\t\t\t\t\t\t\t<img fetchpriority=\"high\" decoding=\"async\" width=\"790\" height=\"1000\" src=\"https:\/\/agenciam4h.com.br\/cesar\/wp-content\/uploads\/2025\/08\/dr-duvidas.webp\" class=\"attachment-full size-full wp-image-285\" alt=\"\" srcset=\"https:\/\/agenciam4h.com.br\/cesar\/wp-content\/uploads\/2025\/08\/dr-duvidas.webp 790w, https:\/\/agenciam4h.com.br\/cesar\/wp-content\/uploads\/2025\/08\/dr-duvidas-237x300.webp 237w, https:\/\/agenciam4h.com.br\/cesar\/wp-content\/uploads\/2025\/08\/dr-duvidas-768x972.webp 768w\" sizes=\"(max-width: 790px) 100vw, 790px\" \/>\t\t\t\t\t\t\t\t\t\t\t\t\t\t\t<\/div>\n\t\t\t\t<\/div>\n\t\t<div class=\"elementor-element elementor-element-5247eec e-con-full animated-slow e-flex e-con e-child\" data-id=\"5247eec\" data-element_type=\"container\" data-e-type=\"container\" data-settings=\"{&quot;background_background&quot;:&quot;classic&quot;,&quot;animation&quot;:&quot;none&quot;,&quot;jet_parallax_layout_list&quot;:[]}\">\n\t\t\t\t<div class=\"elementor-element elementor-element-89a0d5d elementor-widget elementor-widget-heading\" data-id=\"89a0d5d\" data-element_type=\"widget\" data-e-type=\"widget\" data-widget_type=\"heading.default\">\n\t\t\t\t\t<h2 class=\"elementor-heading-title elementor-size-default\">Atendimento personalizado<\/h2>\t\t\t\t<\/div>\n\t\t\t\t<div class=\"elementor-element elementor-element-a878a2e animated-slow elementor-widget elementor-widget-text-editor\" data-id=\"a878a2e\" data-element_type=\"widget\" data-e-type=\"widget\" data-settings=\"{&quot;_animation&quot;:&quot;none&quot;}\" data-widget_type=\"text-editor.default\">\n\t\t\t\t\t\t\t\t\t<p><span style=\"font-weight: 400;\">Oferecemos consultas sem pressa, com tempo para ouvir suas preocupa\u00e7\u00f5es e esclarecer todas as d\u00favidas. Cada caso \u00e9 avaliado de forma completa, com explica\u00e7\u00f5es claras sobre procedimentos e op\u00e7\u00f5es de tratamento. A escolha da t\u00e9cnica cir\u00fargica considera suas necessidades espec\u00edficas, e o acompanhamento p\u00f3s-operat\u00f3rio inclui suporte dedicado durante toda a recupera\u00e7\u00e3o.<\/span><\/p>\t\t\t\t\t\t\t\t<\/div>\n\t\t\t\t<div class=\"elementor-element elementor-element-0bee445 elementor-align-left animated-slow elementor-mobile-align-center elementor-widget elementor-widget-button\" data-id=\"0bee445\" data-element_type=\"widget\" data-e-type=\"widget\" data-settings=\"{&quot;_animation&quot;:&quot;none&quot;}\" data-widget_type=\"button.default\">\n\t\t\t\t\t\t\t\t\t\t<a class=\"elementor-button elementor-button-link elementor-size-sm elementor-animation-grow\" href=\"https:\/\/api.whatsapp.com\/send?phone=5519991452734&#038;text=Ol%C3%A1!Eu%20gostaria%20de%20agendar%20um%20atendimento%20com%20o%20profissional%20Cesar%20Augusto%20Menocci%20Cappabianco\" target=\"_blank\">\n\t\t\t\t\t\t<span class=\"elementor-button-content-wrapper\">\n\t\t\t\t\t\t\t\t\t<span class=\"elementor-button-text\">Agendar consulta<\/span>\n\t\t\t\t\t<\/span>\n\t\t\t\t\t<\/a>\n\t\t\t\t\t\t\t\t<\/div>\n\t\t\t\t<\/div>\n\t\t\t\t\t<\/div>\n\t\t\t\t<\/div>\n\t\t\t\t<\/div>\n\t\t","protected":false},"excerpt":{"rendered":"<p>Blog Contato &#8211; Dr. C\u00e9sar Cappabianco Avenida Orosimbo Maia, 360, 6\u00ba andar, Vila Itapura, Campinas\/SP (19) 99145-2734 cesarcappabianco Venha de Uber Ir com Waze Atendimento personalizado Oferecemos consultas sem pressa, com tempo para ouvir suas preocupa\u00e7\u00f5es e esclarecer todas as d\u00favidas. Cada caso \u00e9 avaliado de forma completa, com explica\u00e7\u00f5es claras sobre procedimentos e op\u00e7\u00f5es [&hellip;]<\/p>\n","protected":false},"author":1,"featured_media":0,"parent":0,"menu_order":0,"comment_status":"closed","ping_status":"closed","template":"elementor_header_footer","meta":{"_joinchat":[],"footnotes":""},"class_list":["post-1643","page","type-page","status-publish","hentry"],"yoast_head":"<!-- This site is optimized with the Yoast SEO plugin v27.1.1 - https:\/\/yoast.com\/product\/yoast-seo-wordpress\/ -->\n<title>Contato - Dr. C\u00e9sar Cappabianco<\/title>\n<meta name=\"robots\" content=\"index, follow, max-snippet:-1, max-image-preview:large, max-video-preview:-1\" \/>\n<link rel=\"canonical\" href=\"https:\/\/agenciam4h.com.br\/cesar\/contato\/\" \/>\n<meta property=\"og:locale\" content=\"pt_BR\" \/>\n<meta property=\"og:type\" content=\"article\" \/>\n<meta property=\"og:title\" content=\"Contato - Dr. C\u00e9sar Cappabianco\" \/>\n<meta property=\"og:description\" content=\"Blog Contato &#8211; Dr. C\u00e9sar Cappabianco Avenida Orosimbo Maia, 360, 6\u00ba andar, Vila Itapura, Campinas\/SP (19) 99145-2734 cesarcappabianco Venha de Uber Ir com Waze Atendimento personalizado Oferecemos consultas sem pressa, com tempo para ouvir suas preocupa\u00e7\u00f5es e esclarecer todas as d\u00favidas. Cada caso \u00e9 avaliado de forma completa, com explica\u00e7\u00f5es claras sobre procedimentos e op\u00e7\u00f5es [&hellip;]\" \/>\n<meta property=\"og:url\" content=\"https:\/\/agenciam4h.com.br\/cesar\/contato\/\" \/>\n<meta property=\"og:site_name\" content=\"Dr. C\u00e9sar Cappabianco\" \/>\n<meta property=\"article:modified_time\" content=\"2025-10-14T12:25:33+00:00\" \/>\n<meta property=\"og:image\" content=\"https:\/\/agenciam4h.com.br\/cesar\/wp-content\/uploads\/2025\/08\/dr-duvidas.webp\" \/>\n\t<meta property=\"og:image:width\" content=\"790\" \/>\n\t<meta property=\"og:image:height\" content=\"1000\" \/>\n\t<meta property=\"og:image:type\" content=\"image\/webp\" \/>\n<meta name=\"twitter:card\" content=\"summary_large_image\" \/>\n<meta name=\"twitter:label1\" content=\"Est. tempo de leitura\" \/>\n\t<meta name=\"twitter:data1\" content=\"1 minuto\" \/>\n<script type=\"application\/ld+json\" class=\"yoast-schema-graph\">{\"@context\":\"https:\/\/schema.org\",\"@graph\":[{\"@type\":\"WebPage\",\"@id\":\"https:\/\/agenciam4h.com.br\/cesar\/contato\/\",\"url\":\"https:\/\/agenciam4h.com.br\/cesar\/contato\/\",\"name\":\"Contato - Dr. C\u00e9sar Cappabianco\",\"isPartOf\":{\"@id\":\"https:\/\/agenciam4h.com.br\/cesar\/#website\"},\"primaryImageOfPage\":{\"@id\":\"https:\/\/agenciam4h.com.br\/cesar\/contato\/#primaryimage\"},\"image\":{\"@id\":\"https:\/\/agenciam4h.com.br\/cesar\/contato\/#primaryimage\"},\"thumbnailUrl\":\"https:\/\/agenciam4h.com.br\/cesar\/wp-content\/uploads\/2025\/08\/dr-duvidas.webp\",\"datePublished\":\"2025-10-03T16:44:36+00:00\",\"dateModified\":\"2025-10-14T12:25:33+00:00\",\"breadcrumb\":{\"@id\":\"https:\/\/agenciam4h.com.br\/cesar\/contato\/#breadcrumb\"},\"inLanguage\":\"pt-BR\",\"potentialAction\":[{\"@type\":\"ReadAction\",\"target\":[\"https:\/\/agenciam4h.com.br\/cesar\/contato\/\"]}]},{\"@type\":\"ImageObject\",\"inLanguage\":\"pt-BR\",\"@id\":\"https:\/\/agenciam4h.com.br\/cesar\/contato\/#primaryimage\",\"url\":\"https:\/\/agenciam4h.com.br\/cesar\/wp-content\/uploads\/2025\/08\/dr-duvidas.webp\",\"contentUrl\":\"https:\/\/agenciam4h.com.br\/cesar\/wp-content\/uploads\/2025\/08\/dr-duvidas.webp\",\"width\":790,\"height\":1000},{\"@type\":\"BreadcrumbList\",\"@id\":\"https:\/\/agenciam4h.com.br\/cesar\/contato\/#breadcrumb\",\"itemListElement\":[{\"@type\":\"ListItem\",\"position\":1,\"name\":\"In\u00edcio\",\"item\":\"https:\/\/agenciam4h.com.br\/cesar\/\"},{\"@type\":\"ListItem\",\"position\":2,\"name\":\"Contato\"}]},{\"@type\":\"WebSite\",\"@id\":\"https:\/\/agenciam4h.com.br\/cesar\/#website\",\"url\":\"https:\/\/agenciam4h.com.br\/cesar\/\",\"name\":\"Dr. C\u00e9sar Cappabianco\",\"description\":\"Cirurgia Geral e do Aparelho Digestivo em Campinas\",\"potentialAction\":[{\"@type\":\"SearchAction\",\"target\":{\"@type\":\"EntryPoint\",\"urlTemplate\":\"https:\/\/agenciam4h.com.br\/cesar\/?s={search_term_string}\"},\"query-input\":{\"@type\":\"PropertyValueSpecification\",\"valueRequired\":true,\"valueName\":\"search_term_string\"}}],\"inLanguage\":\"pt-BR\"}]}<\/script>\n<!-- \/ Yoast SEO plugin. -->","yoast_head_json":{"title":"Contato - Dr. C\u00e9sar Cappabianco","robots":{"index":"index","follow":"follow","max-snippet":"max-snippet:-1","max-image-preview":"max-image-preview:large","max-video-preview":"max-video-preview:-1"},"canonical":"https:\/\/agenciam4h.com.br\/cesar\/contato\/","og_locale":"pt_BR","og_type":"article","og_title":"Contato - Dr. C\u00e9sar Cappabianco","og_description":"Blog Contato &#8211; Dr. C\u00e9sar Cappabianco Avenida Orosimbo Maia, 360, 6\u00ba andar, Vila Itapura, Campinas\/SP (19) 99145-2734 cesarcappabianco Venha de Uber Ir com Waze Atendimento personalizado Oferecemos consultas sem pressa, com tempo para ouvir suas preocupa\u00e7\u00f5es e esclarecer todas as d\u00favidas. Cada caso \u00e9 avaliado de forma completa, com explica\u00e7\u00f5es claras sobre procedimentos e op\u00e7\u00f5es [&hellip;]","og_url":"https:\/\/agenciam4h.com.br\/cesar\/contato\/","og_site_name":"Dr. C\u00e9sar Cappabianco","article_modified_time":"2025-10-14T12:25:33+00:00","og_image":[{"width":790,"height":1000,"url":"https:\/\/agenciam4h.com.br\/cesar\/wp-content\/uploads\/2025\/08\/dr-duvidas.webp","type":"image\/webp"}],"twitter_card":"summary_large_image","twitter_misc":{"Est. tempo de leitura":"1 minuto"},"schema":{"@context":"https:\/\/schema.org","@graph":[{"@type":"WebPage","@id":"https:\/\/agenciam4h.com.br\/cesar\/contato\/","url":"https:\/\/agenciam4h.com.br\/cesar\/contato\/","name":"Contato - Dr. C\u00e9sar Cappabianco","isPartOf":{"@id":"https:\/\/agenciam4h.com.br\/cesar\/#website"},"primaryImageOfPage":{"@id":"https:\/\/agenciam4h.com.br\/cesar\/contato\/#primaryimage"},"image":{"@id":"https:\/\/agenciam4h.com.br\/cesar\/contato\/#primaryimage"},"thumbnailUrl":"https:\/\/agenciam4h.com.br\/cesar\/wp-content\/uploads\/2025\/08\/dr-duvidas.webp","datePublished":"2025-10-03T16:44:36+00:00","dateModified":"2025-10-14T12:25:33+00:00","breadcrumb":{"@id":"https:\/\/agenciam4h.com.br\/cesar\/contato\/#breadcrumb"},"inLanguage":"pt-BR","potentialAction":[{"@type":"ReadAction","target":["https:\/\/agenciam4h.com.br\/cesar\/contato\/"]}]},{"@type":"ImageObject","inLanguage":"pt-BR","@id":"https:\/\/agenciam4h.com.br\/cesar\/contato\/#primaryimage","url":"https:\/\/agenciam4h.com.br\/cesar\/wp-content\/uploads\/2025\/08\/dr-duvidas.webp","contentUrl":"https:\/\/agenciam4h.com.br\/cesar\/wp-content\/uploads\/2025\/08\/dr-duvidas.webp","width":790,"height":1000},{"@type":"BreadcrumbList","@id":"https:\/\/agenciam4h.com.br\/cesar\/contato\/#breadcrumb","itemListElement":[{"@type":"ListItem","position":1,"name":"In\u00edcio","item":"https:\/\/agenciam4h.com.br\/cesar\/"},{"@type":"ListItem","position":2,"name":"Contato"}]},{"@type":"WebSite","@id":"https:\/\/agenciam4h.com.br\/cesar\/#website","url":"https:\/\/agenciam4h.com.br\/cesar\/","name":"Dr. C\u00e9sar Cappabianco","description":"Cirurgia Geral e do Aparelho Digestivo em Campinas","potentialAction":[{"@type":"SearchAction","target":{"@type":"EntryPoint","urlTemplate":"https:\/\/agenciam4h.com.br\/cesar\/?s={search_term_string}"},"query-input":{"@type":"PropertyValueSpecification","valueRequired":true,"valueName":"search_term_string"}}],"inLanguage":"pt-BR"}]}},"_links":{"self":[{"href":"https:\/\/agenciam4h.com.br\/cesar\/wp-json\/wp\/v2\/pages\/1643","targetHints":{"allow":["GET"]}}],"collection":[{"href":"https:\/\/agenciam4h.com.br\/cesar\/wp-json\/wp\/v2\/pages"}],"about":[{"href":"https:\/\/agenciam4h.com.br\/cesar\/wp-json\/wp\/v2\/types\/page"}],"author":[{"embeddable":true,"href":"https:\/\/agenciam4h.com.br\/cesar\/wp-json\/wp\/v2\/users\/1"}],"replies":[{"embeddable":true,"href":"https:\/\/agenciam4h.com.br\/cesar\/wp-json\/wp\/v2\/comments?post=1643"}],"version-history":[{"count":7,"href":"https:\/\/agenciam4h.com.br\/cesar\/wp-json\/wp\/v2\/pages\/1643\/revisions"}],"predecessor-version":[{"id":1672,"href":"https:\/\/agenciam4h.com.br\/cesar\/wp-json\/wp\/v2\/pages\/1643\/revisions\/1672"}],"wp:attachment":[{"href":"https:\/\/agenciam4h.com.br\/cesar\/wp-json\/wp\/v2\/media?parent=1643"}],"curies":[{"name":"wp","href":"https:\/\/api.w.org\/{rel}","templated":true}]}}