{"id":374,"date":"2023-06-17T18:47:27","date_gmt":"2023-06-17T18:47:27","guid":{"rendered":"https:\/\/agenciam4h.com.br\/draraphaela\/?page_id=374"},"modified":"2023-06-21T20:49:13","modified_gmt":"2023-06-21T20:49:13","slug":"blefaroplastia","status":"publish","type":"page","link":"https:\/\/agenciam4h.com.br\/draraphaela\/blefaroplastia\/","title":{"rendered":"Blefaroplastia"},"content":{"rendered":"\t\t<div data-elementor-type=\"wp-page\" data-elementor-id=\"374\" class=\"elementor elementor-374\">\n\t\t\t\t\t\t\t\t\t<section class=\"elementor-section elementor-top-section elementor-element elementor-element-dc0190f elementor-section-boxed elementor-section-height-default elementor-section-height-default\" data-id=\"dc0190f\" data-element_type=\"section\" data-settings=\"{&quot;background_background&quot;:&quot;classic&quot;}\">\n\t\t\t\t\t\t<div class=\"elementor-container elementor-column-gap-default\">\n\t\t\t\t\t<div class=\"elementor-column elementor-col-100 elementor-top-column elementor-element elementor-element-4d8327b\" data-id=\"4d8327b\" data-element_type=\"column\">\n\t\t\t<div class=\"elementor-widget-wrap elementor-element-populated\">\n\t\t\t\t\t\t\t\t<section class=\"elementor-section elementor-inner-section elementor-element elementor-element-e6d96f1 elementor-section-boxed elementor-section-height-default elementor-section-height-default\" data-id=\"e6d96f1\" data-element_type=\"section\">\n\t\t\t\t\t\t<div class=\"elementor-container elementor-column-gap-default\">\n\t\t\t\t\t<div class=\"elementor-column elementor-col-50 elementor-inner-column elementor-element elementor-element-dd7d929\" data-id=\"dd7d929\" data-element_type=\"column\">\n\t\t\t<div class=\"elementor-widget-wrap elementor-element-populated\">\n\t\t\t\t\t\t\t\t<div class=\"elementor-element elementor-element-b8b7945 elementor-widget elementor-widget-heading\" data-id=\"b8b7945\" data-element_type=\"widget\" data-widget_type=\"heading.default\">\n\t\t\t\t<div class=\"elementor-widget-container\">\n\t\t\t<style>\/*! elementor - v3.12.1 - 02-04-2023 *\/\n.elementor-heading-title{padding:0;margin:0;line-height:1}.elementor-widget-heading .elementor-heading-title[class*=elementor-size-]>a{color:inherit;font-size:inherit;line-height:inherit}.elementor-widget-heading .elementor-heading-title.elementor-size-small{font-size:15px}.elementor-widget-heading .elementor-heading-title.elementor-size-medium{font-size:19px}.elementor-widget-heading .elementor-heading-title.elementor-size-large{font-size:29px}.elementor-widget-heading .elementor-heading-title.elementor-size-xl{font-size:39px}.elementor-widget-heading .elementor-heading-title.elementor-size-xxl{font-size:59px}<\/style><h2 class=\"elementor-heading-title elementor-size-default\">Blefaroplastia<\/h2>\t\t<\/div>\n\t\t\t\t<\/div>\n\t\t\t\t<div class=\"elementor-element elementor-element-93a593f elementor-widget elementor-widget-text-editor\" data-id=\"93a593f\" data-element_type=\"widget\" data-widget_type=\"text-editor.default\">\n\t\t\t\t<div class=\"elementor-widget-container\">\n\t\t\t<style>\/*! elementor - v3.12.1 - 02-04-2023 *\/\n.elementor-widget-text-editor.elementor-drop-cap-view-stacked .elementor-drop-cap{background-color:#69727d;color:#fff}.elementor-widget-text-editor.elementor-drop-cap-view-framed .elementor-drop-cap{color:#69727d;border:3px solid;background-color:transparent}.elementor-widget-text-editor:not(.elementor-drop-cap-view-default) .elementor-drop-cap{margin-top:8px}.elementor-widget-text-editor:not(.elementor-drop-cap-view-default) .elementor-drop-cap-letter{width:1em;height:1em}.elementor-widget-text-editor .elementor-drop-cap{float:left;text-align:center;line-height:1;font-size:50px}.elementor-widget-text-editor .elementor-drop-cap-letter{display:inline-block}<\/style>\t\t\t\t<p>Seus olhos s\u00e3o uma parte importante da sua beleza feminina, mas o envelhecimento e outros fatores podem causar flacidez nas p\u00e1lpebras, bolsas de gordura e rugas ao redor dos olhos. Felizmente, a blefaroplastia, tamb\u00e9m conhecida como cirurgia das p\u00e1lpebras, pode ajudar a recuperar o olhar jovem e radiante. Por isso, neste artigo, vamos explorar mais sobre a blefaroplastia, seus benef\u00edcios e o que esperar durante o processo de recupera\u00e7\u00e3o.<\/p>\t\t\t\t\t\t<\/div>\n\t\t\t\t<\/div>\n\t\t\t\t<div class=\"elementor-element elementor-element-0410ad3 elementor-widget elementor-widget-heading\" data-id=\"0410ad3\" data-element_type=\"widget\" data-widget_type=\"heading.default\">\n\t\t\t\t<div class=\"elementor-widget-container\">\n\t\t\t<h4 class=\"elementor-heading-title elementor-size-default\">O que \u00e9 a Blefaroplastia?<\/h4>\t\t<\/div>\n\t\t\t\t<\/div>\n\t\t\t\t<div class=\"elementor-element elementor-element-631dfcc elementor-widget elementor-widget-text-editor\" data-id=\"631dfcc\" data-element_type=\"widget\" data-widget_type=\"text-editor.default\">\n\t\t\t\t<div class=\"elementor-widget-container\">\n\t\t\t\t\t\t\t<p>Trata-se de um procedimento cir\u00fargico que visa a corrigir as altera\u00e7\u00f5es est\u00e9ticas das p\u00e1lpebras superiores e inferiores. \u00c9 \u00fatil para remover o excesso de pele, reduzir bolsas de gordura e suavizar rugas, proporcionando uma apar\u00eancia mais jovem e descansada aos olhos. Pode-se realizar a blefaroplastia tanto nas p\u00e1lpebras superiores quanto inferiores, dependendo das necessidades individuais de cada paciente.<\/p><p>A blefaroplastia oferece uma s\u00e9rie de benef\u00edcios para as mulheres que desejam melhorar a apar\u00eancia de suas p\u00e1lpebras. Al\u00e9m de rejuvenescer o olhar, ela pode reduzir o aspecto cansado, eliminar a apar\u00eancia de olhos inchados e melhorar a express\u00e3o facial. Com a blefaroplastia, voc\u00ea pode recuperar a autoconfian\u00e7a e alcan\u00e7ar uma apar\u00eancia mais radiante e jovem.<\/p><p>Realiza-se a blefaroplastia sob anestesia local ou geral, dependendo das prefer\u00eancias e necessidades individuais da paciente. Durante o procedimento, a cirurgi\u00e3 pl\u00e1stica faz incis\u00f5es discretas nas dobras naturais das p\u00e1lpebras, permitindo o acesso para remover o excesso de pele, reduzir a gordura e reposicionar os tecidos. A cirurgi\u00e3 pl\u00e1stica cuidadosamente fecha as incis\u00f5es para obter resultados naturais e minimizar cicatrizes vis\u00edveis.<\/p><p>Ap\u00f3s a blefaroplastia, \u00e9 normal sentir algum incha\u00e7o, hematomas e sensibilidade nas p\u00e1lpebras. A cirurgi\u00e3 pl\u00e1stica fornecer\u00e1 orienta\u00e7\u00f5es detalhadas sobre os cuidados p\u00f3s-operat\u00f3rios, incluindo a aplica\u00e7\u00e3o de compressas frias, o uso de col\u00edrios lubrificantes e a realiza\u00e7\u00e3o de repouso adequado. Portanto, siga todas as instru\u00e7\u00f5es da m\u00e9dica para garantir uma recupera\u00e7\u00e3o tranquila e resultados satisfat\u00f3rios.<\/p>\t\t\t\t\t\t<\/div>\n\t\t\t\t<\/div>\n\t\t\t\t<div class=\"elementor-element elementor-element-5106e31 elementor-widget elementor-widget-heading\" data-id=\"5106e31\" data-element_type=\"widget\" data-widget_type=\"heading.default\">\n\t\t\t\t<div class=\"elementor-widget-container\">\n\t\t\t<h4 class=\"elementor-heading-title elementor-size-default\">Resultados da Blefaroplastia<\/h4>\t\t<\/div>\n\t\t\t\t<\/div>\n\t\t\t\t<div class=\"elementor-element elementor-element-a3c12ea elementor-widget elementor-widget-text-editor\" data-id=\"a3c12ea\" data-element_type=\"widget\" data-widget_type=\"text-editor.default\">\n\t\t\t\t<div class=\"elementor-widget-container\">\n\t\t\t\t\t\t\t<p>Os resultados da blefaroplastia s\u00e3o geralmente vis\u00edveis dentro de algumas semanas, \u00e0 medida que o incha\u00e7o diminui e as p\u00e1lpebras se curam completamente. Voc\u00ea notar\u00e1 uma apar\u00eancia mais jovem e descansada ao redor dos olhos, com uma redu\u00e7\u00e3o significativa das bolsas de gordura e do excesso de pele. Os resultados da blefaroplastia s\u00e3o duradouros, ajudando voc\u00ea a desfrutar de uma apar\u00eancia rejuvenescida por muitos anos.<\/p><p>Ao considerar a blefaroplastia, \u00e9 fundamental escolher uma cirurgi\u00e3 pl\u00e1stica experiente e especializada em procedimentos faciais. Pesquise a forma\u00e7\u00e3o, a experi\u00eancia e as credenciais da profissional. Ent\u00e3o, agende uma consulta inicial para discutir suas preocupa\u00e7\u00f5es e expectativas em rela\u00e7\u00e3o \u00e0 blefaroplastia. Durante a consulta, voc\u00ea ter\u00e1 a oportunidade de fazer perguntas, esclarecer d\u00favidas e obter informa\u00e7\u00f5es completas sobre o procedimento.<\/p><p>A blefaroplastia \u00e9 considerada um procedimento seguro quando realizado por uma cirurgi\u00e3 pl\u00e1stica qualificada. No entanto, como em qualquer cirurgia, existem riscos potenciais envolvidos. Durante a consulta inicial, a cirurgi\u00e3 pl\u00e1stica ir\u00e1 discutir detalhadamente os riscos e complica\u00e7\u00f5es poss\u00edveis, bem como as medidas de seguran\u00e7a tomadas para minimiz\u00e1-los. \u00c9 importante entender plenamente os aspectos relacionados \u00e0 seguran\u00e7a antes de decidir prosseguir com a blefaroplastia.<\/p>\t\t\t\t\t\t<\/div>\n\t\t\t\t<\/div>\n\t\t\t\t<div class=\"elementor-element elementor-element-bd27680 elementor-widget elementor-widget-heading\" data-id=\"bd27680\" data-element_type=\"widget\" data-widget_type=\"heading.default\">\n\t\t\t\t<div class=\"elementor-widget-container\">\n\t\t\t<h4 class=\"elementor-heading-title elementor-size-default\">Melhore a apar\u00eancia dos seus olhos<\/h4>\t\t<\/div>\n\t\t\t\t<\/div>\n\t\t\t\t<div class=\"elementor-element elementor-element-a976201 elementor-widget elementor-widget-text-editor\" data-id=\"a976201\" data-element_type=\"widget\" data-widget_type=\"text-editor.default\">\n\t\t\t\t<div class=\"elementor-widget-container\">\n\t\t\t\t\t\t\t<p>Portanto, se voc\u00ea est\u00e1 incomodada com a apar\u00eancia envelhecida ou cansada das p\u00e1lpebras, a blefaroplastia pode ser a solu\u00e7\u00e3o ideal para voc\u00ea. Agende uma consulta com uma cirurgi\u00e3 pl\u00e1stica especializada em blefaroplastia e d\u00ea o primeiro passo para transformar sua apar\u00eancia.<\/p><p>Lembre-se de que a blefaroplastia \u00e9 um procedimento individual e os resultados podem variar de pessoa para pessoa. Ent\u00e3o, mantenha expectativas realistas e tire todas as suas d\u00favidas, para garantir que voc\u00ea tenha uma compreens\u00e3o clara do procedimento.<\/p>\t\t\t\t\t\t<\/div>\n\t\t\t\t<\/div>\n\t\t\t\t\t<\/div>\n\t\t<\/div>\n\t\t\t\t<div class=\"elementor-column elementor-col-50 elementor-inner-column elementor-element elementor-element-78efada\" data-id=\"78efada\" data-element_type=\"column\">\n\t\t\t<div class=\"elementor-widget-wrap elementor-element-populated\">\n\t\t\t\t\t\t\t\t<div class=\"elementor-element elementor-element-df23358 elementor-widget elementor-widget-heading\" data-id=\"df23358\" data-element_type=\"widget\" data-widget_type=\"heading.default\">\n\t\t\t\t<div class=\"elementor-widget-container\">\n\t\t\t<h4 class=\"elementor-heading-title elementor-size-default\">Face<\/h4>\t\t<\/div>\n\t\t\t\t<\/div>\n\t\t\t\t<div class=\"elementor-element elementor-element-024cc62 elementor-nav-menu__align-center elementor-nav-menu--dropdown-none elementor-widget elementor-widget-nav-menu\" data-id=\"024cc62\" data-element_type=\"widget\" data-settings=\"{&quot;layout&quot;:&quot;vertical&quot;,&quot;submenu_icon&quot;:{&quot;value&quot;:&quot;&lt;i class=\\&quot;fas fa-caret-down\\&quot;&gt;&lt;\\\/i&gt;&quot;,&quot;library&quot;:&quot;fa-solid&quot;}}\" data-widget_type=\"nav-menu.default\">\n\t\t\t\t<div class=\"elementor-widget-container\">\n\t\t\t<link rel=\"stylesheet\" href=\"https:\/\/agenciam4h.com.br\/draraphaela\/wp-content\/uploads\/elementor\/css\/custom-pro-widget-nav-menu.min.css?ver=1685460411\">\t\t\t<nav class=\"elementor-nav-menu--main elementor-nav-menu__container elementor-nav-menu--layout-vertical e--pointer-background e--animation-fade\">\n\t\t\t\t<ul id=\"menu-1-024cc62\" class=\"elementor-nav-menu sm-vertical\"><li class=\"menu-item menu-item-type-post_type menu-item-object-page menu-item-370\"><a href=\"https:\/\/agenciam4h.com.br\/draraphaela\/otoplastia\/\" class=\"elementor-item\">Otoplastia<\/a><\/li>\n<li class=\"menu-item menu-item-type-post_type menu-item-object-page menu-item-383\"><a href=\"https:\/\/agenciam4h.com.br\/draraphaela\/blefaroplastia\/\" class=\"elementor-item\">Blefaroplastia<\/a><\/li>\n<li class=\"menu-item menu-item-type-post_type menu-item-object-page menu-item-389\"><a href=\"https:\/\/agenciam4h.com.br\/draraphaela\/rinoplastia\/\" class=\"elementor-item\">Rinoplastia<\/a><\/li>\n<li class=\"menu-item menu-item-type-post_type menu-item-object-page menu-item-395\"><a href=\"https:\/\/agenciam4h.com.br\/draraphaela\/mentoplastia\/\" class=\"elementor-item\">Mentoplastia<\/a><\/li>\n<\/ul>\t\t\t<\/nav>\n\t\t\t\t\t\t<nav class=\"elementor-nav-menu--dropdown elementor-nav-menu__container\" aria-hidden=\"true\">\n\t\t\t\t<ul id=\"menu-2-024cc62\" class=\"elementor-nav-menu sm-vertical\"><li class=\"menu-item menu-item-type-post_type menu-item-object-page menu-item-370\"><a href=\"https:\/\/agenciam4h.com.br\/draraphaela\/otoplastia\/\" class=\"elementor-item\" tabindex=\"-1\">Otoplastia<\/a><\/li>\n<li class=\"menu-item menu-item-type-post_type menu-item-object-page menu-item-383\"><a href=\"https:\/\/agenciam4h.com.br\/draraphaela\/blefaroplastia\/\" class=\"elementor-item\" tabindex=\"-1\">Blefaroplastia<\/a><\/li>\n<li class=\"menu-item menu-item-type-post_type menu-item-object-page menu-item-389\"><a href=\"https:\/\/agenciam4h.com.br\/draraphaela\/rinoplastia\/\" class=\"elementor-item\" tabindex=\"-1\">Rinoplastia<\/a><\/li>\n<li class=\"menu-item menu-item-type-post_type menu-item-object-page menu-item-395\"><a href=\"https:\/\/agenciam4h.com.br\/draraphaela\/mentoplastia\/\" class=\"elementor-item\" tabindex=\"-1\">Mentoplastia<\/a><\/li>\n<\/ul>\t\t\t<\/nav>\n\t\t\t\t<\/div>\n\t\t\t\t<\/div>\n\t\t\t\t\t<\/div>\n\t\t<\/div>\n\t\t\t\t\t\t\t<\/div>\n\t\t<\/section>\n\t\t\t\t<section class=\"elementor-section elementor-inner-section elementor-element elementor-element-70592b0 elementor-section-boxed elementor-section-height-default elementor-section-height-default\" data-id=\"70592b0\" data-element_type=\"section\">\n\t\t\t\t\t\t<div class=\"elementor-container elementor-column-gap-default\">\n\t\t\t\t\t<div class=\"elementor-column elementor-col-100 elementor-inner-column elementor-element elementor-element-51f9bb3\" data-id=\"51f9bb3\" data-element_type=\"column\">\n\t\t\t<div class=\"elementor-widget-wrap elementor-element-populated\">\n\t\t\t\t\t\t\t\t<div class=\"elementor-element elementor-element-1a9a8a2 elementor-align-left elementor-widget elementor-widget-button\" data-id=\"1a9a8a2\" data-element_type=\"widget\" data-widget_type=\"button.default\">\n\t\t\t\t<div class=\"elementor-widget-container\">\n\t\t\t\t\t<div class=\"elementor-button-wrapper\">\n\t\t\t<a href=\"https:\/\/api.whatsapp.com\/send\/?phone=5519989763642&#038;text=Gostaria+de+saber+mais+sobre+a+consulta+com+a+Dra.+Raphaela&#038;type=phone_number&#038;app_absent=0\" target=\"_blank\" class=\"elementor-button-link elementor-button elementor-size-md\" role=\"button\">\n\t\t\t\t\t\t<span class=\"elementor-button-content-wrapper\">\n\t\t\t\t\t\t<span class=\"elementor-button-text\">Agende uma consulta<\/span>\n\t\t<\/span>\n\t\t\t\t\t<\/a>\n\t\t<\/div>\n\t\t\t\t<\/div>\n\t\t\t\t<\/div>\n\t\t\t\t\t<\/div>\n\t\t<\/div>\n\t\t\t\t\t\t\t<\/div>\n\t\t<\/section>\n\t\t\t\t\t<\/div>\n\t\t<\/div>\n\t\t\t\t\t\t\t<\/div>\n\t\t<\/section>\n\t\t\t\t\t\t\t<\/div>\n\t\t","protected":false},"excerpt":{"rendered":"<p>Blefaroplastia Seus olhos s\u00e3o uma parte importante da sua beleza feminina, mas o envelhecimento e outros fatores podem causar flacidez nas p\u00e1lpebras, bolsas de gordura e rugas ao redor dos olhos. Felizmente, a blefaroplastia, tamb\u00e9m conhecida como cirurgia das p\u00e1lpebras, pode ajudar a recuperar o olhar jovem e radiante. Por isso, neste artigo, vamos explorar [&hellip;]<\/p>\n","protected":false},"author":2,"featured_media":0,"parent":0,"menu_order":0,"comment_status":"closed","ping_status":"closed","template":"elementor_header_footer","meta":{"_joinchat":[],"footnotes":""},"class_list":["post-374","page","type-page","status-publish","hentry"],"yoast_head":"<!-- This site is optimized with the Yoast SEO plugin v20.11 - https:\/\/yoast.com\/wordpress\/plugins\/seo\/ -->\n<title>Blefaroplastia - Dra. Raphaela Amaral - Cirurgi\u00e3 Pl\u00e1stica<\/title>\n<meta name=\"robots\" content=\"index, follow, max-snippet:-1, max-image-preview:large, max-video-preview:-1\" \/>\n<link rel=\"canonical\" href=\"https:\/\/agenciam4h.com.br\/draraphaela\/blefaroplastia\/\" \/>\n<meta property=\"og:locale\" content=\"pt_BR\" \/>\n<meta property=\"og:type\" content=\"article\" \/>\n<meta property=\"og:title\" content=\"Blefaroplastia - Dra. Raphaela Amaral - Cirurgi\u00e3 Pl\u00e1stica\" \/>\n<meta property=\"og:description\" content=\"Blefaroplastia Seus olhos s\u00e3o uma parte importante da sua beleza feminina, mas o envelhecimento e outros fatores podem causar flacidez nas p\u00e1lpebras, bolsas de gordura e rugas ao redor dos olhos. Felizmente, a blefaroplastia, tamb\u00e9m conhecida como cirurgia das p\u00e1lpebras, pode ajudar a recuperar o olhar jovem e radiante. Por isso, neste artigo, vamos explorar [&hellip;]\" \/>\n<meta property=\"og:url\" content=\"https:\/\/agenciam4h.com.br\/draraphaela\/blefaroplastia\/\" \/>\n<meta property=\"og:site_name\" content=\"Dra. Raphaela Amaral - Cirurgi\u00e3 Pl\u00e1stica\" \/>\n<meta property=\"article:modified_time\" content=\"2023-06-21T20:49:13+00:00\" \/>\n<meta name=\"twitter:card\" content=\"summary_large_image\" \/>\n<meta name=\"twitter:label1\" content=\"Est. tempo de leitura\" \/>\n\t<meta name=\"twitter:data1\" content=\"3 minutos\" \/>\n<script type=\"application\/ld+json\" class=\"yoast-schema-graph\">{\"@context\":\"https:\/\/schema.org\",\"@graph\":[{\"@type\":\"WebPage\",\"@id\":\"https:\/\/agenciam4h.com.br\/draraphaela\/blefaroplastia\/\",\"url\":\"https:\/\/agenciam4h.com.br\/draraphaela\/blefaroplastia\/\",\"name\":\"Blefaroplastia - Dra. Raphaela Amaral - Cirurgi\u00e3 Pl\u00e1stica\",\"isPartOf\":{\"@id\":\"https:\/\/agenciam4h.com.br\/draraphaela\/#website\"},\"datePublished\":\"2023-06-17T18:47:27+00:00\",\"dateModified\":\"2023-06-21T20:49:13+00:00\",\"breadcrumb\":{\"@id\":\"https:\/\/agenciam4h.com.br\/draraphaela\/blefaroplastia\/#breadcrumb\"},\"inLanguage\":\"pt-BR\",\"potentialAction\":[{\"@type\":\"ReadAction\",\"target\":[\"https:\/\/agenciam4h.com.br\/draraphaela\/blefaroplastia\/\"]}]},{\"@type\":\"BreadcrumbList\",\"@id\":\"https:\/\/agenciam4h.com.br\/draraphaela\/blefaroplastia\/#breadcrumb\",\"itemListElement\":[{\"@type\":\"ListItem\",\"position\":1,\"name\":\"In\u00edcio\",\"item\":\"https:\/\/agenciam4h.com.br\/draraphaela\/\"},{\"@type\":\"ListItem\",\"position\":2,\"name\":\"Blefaroplastia\"}]},{\"@type\":\"WebSite\",\"@id\":\"https:\/\/agenciam4h.com.br\/draraphaela\/#website\",\"url\":\"https:\/\/agenciam4h.com.br\/draraphaela\/\",\"name\":\"Dra. Raphaela Amaral - Cirurgi\u00e3 Pl\u00e1stica\",\"description\":\"\",\"potentialAction\":[{\"@type\":\"SearchAction\",\"target\":{\"@type\":\"EntryPoint\",\"urlTemplate\":\"https:\/\/agenciam4h.com.br\/draraphaela\/?s={search_term_string}\"},\"query-input\":\"required name=search_term_string\"}],\"inLanguage\":\"pt-BR\"}]}<\/script>\n<!-- \/ Yoast SEO plugin. -->","yoast_head_json":{"title":"Blefaroplastia - Dra. Raphaela Amaral - Cirurgi\u00e3 Pl\u00e1stica","robots":{"index":"index","follow":"follow","max-snippet":"max-snippet:-1","max-image-preview":"max-image-preview:large","max-video-preview":"max-video-preview:-1"},"canonical":"https:\/\/agenciam4h.com.br\/draraphaela\/blefaroplastia\/","og_locale":"pt_BR","og_type":"article","og_title":"Blefaroplastia - Dra. Raphaela Amaral - Cirurgi\u00e3 Pl\u00e1stica","og_description":"Blefaroplastia Seus olhos s\u00e3o uma parte importante da sua beleza feminina, mas o envelhecimento e outros fatores podem causar flacidez nas p\u00e1lpebras, bolsas de gordura e rugas ao redor dos olhos. Felizmente, a blefaroplastia, tamb\u00e9m conhecida como cirurgia das p\u00e1lpebras, pode ajudar a recuperar o olhar jovem e radiante. Por isso, neste artigo, vamos explorar [&hellip;]","og_url":"https:\/\/agenciam4h.com.br\/draraphaela\/blefaroplastia\/","og_site_name":"Dra. Raphaela Amaral - Cirurgi\u00e3 Pl\u00e1stica","article_modified_time":"2023-06-21T20:49:13+00:00","twitter_card":"summary_large_image","twitter_misc":{"Est. tempo de leitura":"3 minutos"},"schema":{"@context":"https:\/\/schema.org","@graph":[{"@type":"WebPage","@id":"https:\/\/agenciam4h.com.br\/draraphaela\/blefaroplastia\/","url":"https:\/\/agenciam4h.com.br\/draraphaela\/blefaroplastia\/","name":"Blefaroplastia - Dra. Raphaela Amaral - Cirurgi\u00e3 Pl\u00e1stica","isPartOf":{"@id":"https:\/\/agenciam4h.com.br\/draraphaela\/#website"},"datePublished":"2023-06-17T18:47:27+00:00","dateModified":"2023-06-21T20:49:13+00:00","breadcrumb":{"@id":"https:\/\/agenciam4h.com.br\/draraphaela\/blefaroplastia\/#breadcrumb"},"inLanguage":"pt-BR","potentialAction":[{"@type":"ReadAction","target":["https:\/\/agenciam4h.com.br\/draraphaela\/blefaroplastia\/"]}]},{"@type":"BreadcrumbList","@id":"https:\/\/agenciam4h.com.br\/draraphaela\/blefaroplastia\/#breadcrumb","itemListElement":[{"@type":"ListItem","position":1,"name":"In\u00edcio","item":"https:\/\/agenciam4h.com.br\/draraphaela\/"},{"@type":"ListItem","position":2,"name":"Blefaroplastia"}]},{"@type":"WebSite","@id":"https:\/\/agenciam4h.com.br\/draraphaela\/#website","url":"https:\/\/agenciam4h.com.br\/draraphaela\/","name":"Dra. Raphaela Amaral - Cirurgi\u00e3 Pl\u00e1stica","description":"","potentialAction":[{"@type":"SearchAction","target":{"@type":"EntryPoint","urlTemplate":"https:\/\/agenciam4h.com.br\/draraphaela\/?s={search_term_string}"},"query-input":"required name=search_term_string"}],"inLanguage":"pt-BR"}]}},"_links":{"self":[{"href":"https:\/\/agenciam4h.com.br\/draraphaela\/wp-json\/wp\/v2\/pages\/374","targetHints":{"allow":["GET"]}}],"collection":[{"href":"https:\/\/agenciam4h.com.br\/draraphaela\/wp-json\/wp\/v2\/pages"}],"about":[{"href":"https:\/\/agenciam4h.com.br\/draraphaela\/wp-json\/wp\/v2\/types\/page"}],"author":[{"embeddable":true,"href":"https:\/\/agenciam4h.com.br\/draraphaela\/wp-json\/wp\/v2\/users\/2"}],"replies":[{"embeddable":true,"href":"https:\/\/agenciam4h.com.br\/draraphaela\/wp-json\/wp\/v2\/comments?post=374"}],"version-history":[{"count":14,"href":"https:\/\/agenciam4h.com.br\/draraphaela\/wp-json\/wp\/v2\/pages\/374\/revisions"}],"predecessor-version":[{"id":716,"href":"https:\/\/agenciam4h.com.br\/draraphaela\/wp-json\/wp\/v2\/pages\/374\/revisions\/716"}],"wp:attachment":[{"href":"https:\/\/agenciam4h.com.br\/draraphaela\/wp-json\/wp\/v2\/media?parent=374"}],"curies":[{"name":"wp","href":"https:\/\/api.w.org\/{rel}","templated":true}]}}