{"id":384,"date":"2023-06-17T18:51:13","date_gmt":"2023-06-17T18:51:13","guid":{"rendered":"https:\/\/agenciam4h.com.br\/draraphaela\/?page_id=384"},"modified":"2023-06-21T20:50:19","modified_gmt":"2023-06-21T20:50:19","slug":"rinoplastia","status":"publish","type":"page","link":"https:\/\/agenciam4h.com.br\/draraphaela\/rinoplastia\/","title":{"rendered":"Rinoplastia"},"content":{"rendered":"\t\t<div data-elementor-type=\"wp-page\" data-elementor-id=\"384\" class=\"elementor elementor-384\">\n\t\t\t\t\t\t\t\t\t<section class=\"elementor-section elementor-top-section elementor-element elementor-element-dc0190f elementor-section-boxed elementor-section-height-default elementor-section-height-default\" data-id=\"dc0190f\" data-element_type=\"section\" data-settings=\"{&quot;background_background&quot;:&quot;classic&quot;}\">\n\t\t\t\t\t\t<div class=\"elementor-container elementor-column-gap-default\">\n\t\t\t\t\t<div class=\"elementor-column elementor-col-100 elementor-top-column elementor-element elementor-element-4d8327b\" data-id=\"4d8327b\" data-element_type=\"column\">\n\t\t\t<div class=\"elementor-widget-wrap elementor-element-populated\">\n\t\t\t\t\t\t\t\t<section class=\"elementor-section elementor-inner-section elementor-element elementor-element-e6d96f1 elementor-section-boxed elementor-section-height-default elementor-section-height-default\" data-id=\"e6d96f1\" data-element_type=\"section\">\n\t\t\t\t\t\t<div class=\"elementor-container elementor-column-gap-default\">\n\t\t\t\t\t<div class=\"elementor-column elementor-col-50 elementor-inner-column elementor-element elementor-element-dd7d929\" data-id=\"dd7d929\" data-element_type=\"column\">\n\t\t\t<div class=\"elementor-widget-wrap elementor-element-populated\">\n\t\t\t\t\t\t\t\t<div class=\"elementor-element elementor-element-b8b7945 elementor-widget elementor-widget-heading\" data-id=\"b8b7945\" data-element_type=\"widget\" data-widget_type=\"heading.default\">\n\t\t\t\t<div class=\"elementor-widget-container\">\n\t\t\t<style>\/*! elementor - v3.12.1 - 02-04-2023 *\/\n.elementor-heading-title{padding:0;margin:0;line-height:1}.elementor-widget-heading .elementor-heading-title[class*=elementor-size-]>a{color:inherit;font-size:inherit;line-height:inherit}.elementor-widget-heading .elementor-heading-title.elementor-size-small{font-size:15px}.elementor-widget-heading .elementor-heading-title.elementor-size-medium{font-size:19px}.elementor-widget-heading .elementor-heading-title.elementor-size-large{font-size:29px}.elementor-widget-heading .elementor-heading-title.elementor-size-xl{font-size:39px}.elementor-widget-heading .elementor-heading-title.elementor-size-xxl{font-size:59px}<\/style><h2 class=\"elementor-heading-title elementor-size-default\">Rinoplastia<\/h2>\t\t<\/div>\n\t\t\t\t<\/div>\n\t\t\t\t<div class=\"elementor-element elementor-element-93a593f elementor-widget elementor-widget-text-editor\" data-id=\"93a593f\" data-element_type=\"widget\" data-widget_type=\"text-editor.default\">\n\t\t\t\t<div class=\"elementor-widget-container\">\n\t\t\t<style>\/*! elementor - v3.12.1 - 02-04-2023 *\/\n.elementor-widget-text-editor.elementor-drop-cap-view-stacked .elementor-drop-cap{background-color:#69727d;color:#fff}.elementor-widget-text-editor.elementor-drop-cap-view-framed .elementor-drop-cap{color:#69727d;border:3px solid;background-color:transparent}.elementor-widget-text-editor:not(.elementor-drop-cap-view-default) .elementor-drop-cap{margin-top:8px}.elementor-widget-text-editor:not(.elementor-drop-cap-view-default) .elementor-drop-cap-letter{width:1em;height:1em}.elementor-widget-text-editor .elementor-drop-cap{float:left;text-align:center;line-height:1;font-size:50px}.elementor-widget-text-editor .elementor-drop-cap-letter{display:inline-block}<\/style>\t\t\t\t<p>A rinoplastia \u00e9 um procedimento cir\u00fargico que visa a remodelar e harmonizar o nariz, proporcionando uma apar\u00eancia equilibrada e natural. Hoje vamos explorar mais sobre<\/p><p>a rinoplastia, como acontece a cirurgia, os benef\u00edcios e o que esperar durante o processo de recupera\u00e7\u00e3o.<\/p>\t\t\t\t\t\t<\/div>\n\t\t\t\t<\/div>\n\t\t\t\t<div class=\"elementor-element elementor-element-0410ad3 elementor-widget elementor-widget-heading\" data-id=\"0410ad3\" data-element_type=\"widget\" data-widget_type=\"heading.default\">\n\t\t\t\t<div class=\"elementor-widget-container\">\n\t\t\t<h4 class=\"elementor-heading-title elementor-size-default\">O que \u00e9 a Rinoplastia?<\/h4>\t\t<\/div>\n\t\t\t\t<\/div>\n\t\t\t\t<div class=\"elementor-element elementor-element-631dfcc elementor-widget elementor-widget-text-editor\" data-id=\"631dfcc\" data-element_type=\"widget\" data-widget_type=\"text-editor.default\">\n\t\t\t\t<div class=\"elementor-widget-container\">\n\t\t\t\t\t\t\t<p>A rinoplastia, tamb\u00e9m conhecida como cirurgia de nariz, \u00e9 um procedimento que visa a corrigir diversas preocupa\u00e7\u00f5es est\u00e9ticas e funcionais relacionadas ao nariz. Pode envolver a redu\u00e7\u00e3o do tamanho do nariz, corre\u00e7\u00e3o de assimetrias, refinamento da ponta nasal, corre\u00e7\u00e3o de desvios do septo nasal e muito mais. \u00c9, portanto, um procedimento altamente personalizado para atender \u00e0s necessidades individuais de cada paciente.<\/p><p>A rinoplastia pode trazer diversos benef\u00edcios para as mulheres que desejam melhorar a apar\u00eancia do nariz. Al\u00e9m de corrigir imperfei\u00e7\u00f5es est\u00e9ticas, a rinoplastia pode melhorar a propor\u00e7\u00e3o facial, real\u00e7ar as caracter\u00edsticas femininas, aumentar a autoconfian\u00e7a e promover uma sensa\u00e7\u00e3o de harmonia facial.<\/p><p>Realiza-se a rinoplastia sob anestesia geral. Al\u00e9m disso, pode ser feita tanto atrav\u00e9s de incis\u00f5es internas (fechadas) como externas (abertas), dependendo das necessidades da paciente. A cirurgi\u00e3 pl\u00e1stica ir\u00e1 remodelar a estrutura \u00f3ssea e cartilaginosa do nariz, ajustando o tamanho, a forma e a proje\u00e7\u00e3o conforme o desejo da paciente. Leva-se em considera\u00e7\u00e3o cada pequeno detalhe para alcan\u00e7ar um resultado natural e harmonioso.<\/p><p>Ap\u00f3s a rinoplastia, \u00e9 normal sentir algum desconforto, incha\u00e7o e hematomas ao redor do nariz e dos olhos. A cirurgi\u00e3 pl\u00e1stica fornecer\u00e1 orienta\u00e7\u00f5es detalhadas sobre os cuidados p\u00f3s-operat\u00f3rios, incluindo a limpeza adequada do local, o uso de curativos e o repouso necess\u00e1rio para uma recupera\u00e7\u00e3o tranquila. Por isso, siga todas as instru\u00e7\u00f5es fornecidas para garantir resultados satisfat\u00f3rios.<\/p>\t\t\t\t\t\t<\/div>\n\t\t\t\t<\/div>\n\t\t\t\t<div class=\"elementor-element elementor-element-5106e31 elementor-widget elementor-widget-heading\" data-id=\"5106e31\" data-element_type=\"widget\" data-widget_type=\"heading.default\">\n\t\t\t\t<div class=\"elementor-widget-container\">\n\t\t\t<h4 class=\"elementor-heading-title elementor-size-default\">Resultados Duradouros e Transformadores<\/h4>\t\t<\/div>\n\t\t\t\t<\/div>\n\t\t\t\t<div class=\"elementor-element elementor-element-a3c12ea elementor-widget elementor-widget-text-editor\" data-id=\"a3c12ea\" data-element_type=\"widget\" data-widget_type=\"text-editor.default\">\n\t\t\t\t<div class=\"elementor-widget-container\">\n\t\t\t\t\t\t\t<p>A rinoplastia oferece resultados duradouros, proporcionando uma harmonia perfeita para o nariz feminino. No entanto, \u00e9 importante ter expectativas realistas em rela\u00e7\u00e3o aos resultados, pois o processo de cicatriza\u00e7\u00e3o pode levar algum tempo. Os resultados da rinoplastia podem levar meses para se tornarem totalmente vis\u00edveis, \u00e0 medida que o incha\u00e7o diminui e o nariz se ajusta \u00e0 sua nova forma.<\/p><p>Por isso, ao considerar a rinoplastia, escolha uma cirurgi\u00e3 pl\u00e1stica experiente e qualificada, especializada em procedimentos faciais. Pesquise a forma\u00e7\u00e3o, a experi\u00eancia e as credenciais da profissional. Agende uma consulta inicial para discutir suas preocupa\u00e7\u00f5es, objetivos est\u00e9ticos e expectativas em rela\u00e7\u00e3o \u00e0 rinoplastia. Ademais, \u00e9 importante sentir-se \u00e0 vontade e confiante com a cirurgi\u00e3 pl\u00e1stica escolhida.<\/p>\t\t\t\t\t\t<\/div>\n\t\t\t\t<\/div>\n\t\t\t\t<div class=\"elementor-element elementor-element-bd27680 elementor-widget elementor-widget-heading\" data-id=\"bd27680\" data-element_type=\"widget\" data-widget_type=\"heading.default\">\n\t\t\t\t<div class=\"elementor-widget-container\">\n\t\t\t<h4 class=\"elementor-heading-title elementor-size-default\">Transforme o seu Nariz com a Rinoplastia<\/h4>\t\t<\/div>\n\t\t\t\t<\/div>\n\t\t\t\t<div class=\"elementor-element elementor-element-a976201 elementor-widget elementor-widget-text-editor\" data-id=\"a976201\" data-element_type=\"widget\" data-widget_type=\"text-editor.default\">\n\t\t\t\t<div class=\"elementor-widget-container\">\n\t\t\t\t\t\t\t<p>Portanto, se voc\u00ea est\u00e1 insatisfeita com a apar\u00eancia do seu nariz e deseja alcan\u00e7ar a harmonia perfeita em seu rosto, agende agora mesmo uma consulta com uma cirurgi\u00e3 pl\u00e1stica especializada em rinoplastia. Durante a primeira consulta, ela avaliar\u00e1 seu nariz, ouvir\u00e1 suas preocupa\u00e7\u00f5es e apresentar\u00e1 op\u00e7\u00f5es personalizadas de acordo com todas as suas necessidades. A m\u00e9dica est\u00e1 comprometida em oferecer um atendimento excepcional e resultados de alta qualidade para voc\u00ea.<\/p><p>Lembre-se de que a rinoplastia \u00e9 uma decis\u00e3o pessoal e que deve ser tomada com cuidado e considera\u00e7\u00e3o. Por isso, a consulta inicial com a cirurgi\u00e3 pl\u00e1stica \u00e9 uma oportunidade para esclarecer todas as suas d\u00favidas e obter assim informa\u00e7\u00f5es completas sobre o procedimento.<\/p>\t\t\t\t\t\t<\/div>\n\t\t\t\t<\/div>\n\t\t\t\t\t<\/div>\n\t\t<\/div>\n\t\t\t\t<div class=\"elementor-column elementor-col-50 elementor-inner-column elementor-element elementor-element-78efada\" data-id=\"78efada\" data-element_type=\"column\">\n\t\t\t<div class=\"elementor-widget-wrap elementor-element-populated\">\n\t\t\t\t\t\t\t\t<div class=\"elementor-element elementor-element-df23358 elementor-widget elementor-widget-heading\" data-id=\"df23358\" data-element_type=\"widget\" data-widget_type=\"heading.default\">\n\t\t\t\t<div class=\"elementor-widget-container\">\n\t\t\t<h4 class=\"elementor-heading-title elementor-size-default\">Face<\/h4>\t\t<\/div>\n\t\t\t\t<\/div>\n\t\t\t\t<div class=\"elementor-element elementor-element-024cc62 elementor-nav-menu__align-center elementor-nav-menu--dropdown-none elementor-widget elementor-widget-nav-menu\" data-id=\"024cc62\" data-element_type=\"widget\" data-settings=\"{&quot;layout&quot;:&quot;vertical&quot;,&quot;submenu_icon&quot;:{&quot;value&quot;:&quot;&lt;i class=\\&quot;fas fa-caret-down\\&quot;&gt;&lt;\\\/i&gt;&quot;,&quot;library&quot;:&quot;fa-solid&quot;}}\" data-widget_type=\"nav-menu.default\">\n\t\t\t\t<div class=\"elementor-widget-container\">\n\t\t\t<link rel=\"stylesheet\" href=\"https:\/\/agenciam4h.com.br\/draraphaela\/wp-content\/uploads\/elementor\/css\/custom-pro-widget-nav-menu.min.css?ver=1685460411\">\t\t\t<nav class=\"elementor-nav-menu--main elementor-nav-menu__container elementor-nav-menu--layout-vertical e--pointer-background e--animation-fade\">\n\t\t\t\t<ul id=\"menu-1-024cc62\" class=\"elementor-nav-menu sm-vertical\"><li class=\"menu-item menu-item-type-post_type menu-item-object-page menu-item-370\"><a href=\"https:\/\/agenciam4h.com.br\/draraphaela\/otoplastia\/\" class=\"elementor-item\">Otoplastia<\/a><\/li>\n<li class=\"menu-item menu-item-type-post_type menu-item-object-page menu-item-383\"><a href=\"https:\/\/agenciam4h.com.br\/draraphaela\/blefaroplastia\/\" class=\"elementor-item\">Blefaroplastia<\/a><\/li>\n<li class=\"menu-item menu-item-type-post_type menu-item-object-page menu-item-389\"><a href=\"https:\/\/agenciam4h.com.br\/draraphaela\/rinoplastia\/\" class=\"elementor-item\">Rinoplastia<\/a><\/li>\n<li class=\"menu-item menu-item-type-post_type menu-item-object-page menu-item-395\"><a href=\"https:\/\/agenciam4h.com.br\/draraphaela\/mentoplastia\/\" class=\"elementor-item\">Mentoplastia<\/a><\/li>\n<\/ul>\t\t\t<\/nav>\n\t\t\t\t\t\t<nav class=\"elementor-nav-menu--dropdown elementor-nav-menu__container\" aria-hidden=\"true\">\n\t\t\t\t<ul id=\"menu-2-024cc62\" class=\"elementor-nav-menu sm-vertical\"><li class=\"menu-item menu-item-type-post_type menu-item-object-page menu-item-370\"><a href=\"https:\/\/agenciam4h.com.br\/draraphaela\/otoplastia\/\" class=\"elementor-item\" tabindex=\"-1\">Otoplastia<\/a><\/li>\n<li class=\"menu-item menu-item-type-post_type menu-item-object-page menu-item-383\"><a href=\"https:\/\/agenciam4h.com.br\/draraphaela\/blefaroplastia\/\" class=\"elementor-item\" tabindex=\"-1\">Blefaroplastia<\/a><\/li>\n<li class=\"menu-item menu-item-type-post_type menu-item-object-page menu-item-389\"><a href=\"https:\/\/agenciam4h.com.br\/draraphaela\/rinoplastia\/\" class=\"elementor-item\" tabindex=\"-1\">Rinoplastia<\/a><\/li>\n<li class=\"menu-item menu-item-type-post_type menu-item-object-page menu-item-395\"><a href=\"https:\/\/agenciam4h.com.br\/draraphaela\/mentoplastia\/\" class=\"elementor-item\" tabindex=\"-1\">Mentoplastia<\/a><\/li>\n<\/ul>\t\t\t<\/nav>\n\t\t\t\t<\/div>\n\t\t\t\t<\/div>\n\t\t\t\t\t<\/div>\n\t\t<\/div>\n\t\t\t\t\t\t\t<\/div>\n\t\t<\/section>\n\t\t\t\t<section class=\"elementor-section elementor-inner-section elementor-element elementor-element-70592b0 elementor-section-boxed elementor-section-height-default elementor-section-height-default\" data-id=\"70592b0\" data-element_type=\"section\">\n\t\t\t\t\t\t<div class=\"elementor-container elementor-column-gap-default\">\n\t\t\t\t\t<div class=\"elementor-column elementor-col-100 elementor-inner-column elementor-element elementor-element-51f9bb3\" data-id=\"51f9bb3\" data-element_type=\"column\">\n\t\t\t<div class=\"elementor-widget-wrap elementor-element-populated\">\n\t\t\t\t\t\t\t\t<div class=\"elementor-element elementor-element-1a9a8a2 elementor-align-left elementor-widget elementor-widget-button\" data-id=\"1a9a8a2\" data-element_type=\"widget\" data-widget_type=\"button.default\">\n\t\t\t\t<div class=\"elementor-widget-container\">\n\t\t\t\t\t<div class=\"elementor-button-wrapper\">\n\t\t\t<a href=\"https:\/\/api.whatsapp.com\/send\/?phone=5519989763642&#038;text=Gostaria+de+saber+mais+sobre+a+consulta+com+a+Dra.+Raphaela&#038;type=phone_number&#038;app_absent=0\" target=\"_blank\" class=\"elementor-button-link elementor-button elementor-size-md\" role=\"button\">\n\t\t\t\t\t\t<span class=\"elementor-button-content-wrapper\">\n\t\t\t\t\t\t<span class=\"elementor-button-text\">Agende uma consulta<\/span>\n\t\t<\/span>\n\t\t\t\t\t<\/a>\n\t\t<\/div>\n\t\t\t\t<\/div>\n\t\t\t\t<\/div>\n\t\t\t\t\t<\/div>\n\t\t<\/div>\n\t\t\t\t\t\t\t<\/div>\n\t\t<\/section>\n\t\t\t\t\t<\/div>\n\t\t<\/div>\n\t\t\t\t\t\t\t<\/div>\n\t\t<\/section>\n\t\t\t\t\t\t\t<\/div>\n\t\t","protected":false},"excerpt":{"rendered":"<p>Rinoplastia A rinoplastia \u00e9 um procedimento cir\u00fargico que visa a remodelar e harmonizar o nariz, proporcionando uma apar\u00eancia equilibrada e natural. Hoje vamos explorar mais sobre a rinoplastia, como acontece a cirurgia, os benef\u00edcios e o que esperar durante o processo de recupera\u00e7\u00e3o. O que \u00e9 a Rinoplastia? A rinoplastia, tamb\u00e9m conhecida como cirurgia de [&hellip;]<\/p>\n","protected":false},"author":2,"featured_media":0,"parent":0,"menu_order":0,"comment_status":"closed","ping_status":"closed","template":"elementor_header_footer","meta":{"_joinchat":[],"footnotes":""},"class_list":["post-384","page","type-page","status-publish","hentry"],"yoast_head":"<!-- This site is optimized with the Yoast SEO plugin v20.11 - https:\/\/yoast.com\/wordpress\/plugins\/seo\/ -->\n<title>Rinoplastia - Dra. Raphaela Amaral - Cirurgi\u00e3 Pl\u00e1stica<\/title>\n<meta name=\"robots\" content=\"index, follow, max-snippet:-1, max-image-preview:large, max-video-preview:-1\" \/>\n<link rel=\"canonical\" href=\"https:\/\/agenciam4h.com.br\/draraphaela\/rinoplastia\/\" \/>\n<meta property=\"og:locale\" content=\"pt_BR\" \/>\n<meta property=\"og:type\" content=\"article\" \/>\n<meta property=\"og:title\" content=\"Rinoplastia - Dra. Raphaela Amaral - Cirurgi\u00e3 Pl\u00e1stica\" \/>\n<meta property=\"og:description\" content=\"Rinoplastia A rinoplastia \u00e9 um procedimento cir\u00fargico que visa a remodelar e harmonizar o nariz, proporcionando uma apar\u00eancia equilibrada e natural. Hoje vamos explorar mais sobre a rinoplastia, como acontece a cirurgia, os benef\u00edcios e o que esperar durante o processo de recupera\u00e7\u00e3o. O que \u00e9 a Rinoplastia? A rinoplastia, tamb\u00e9m conhecida como cirurgia de [&hellip;]\" \/>\n<meta property=\"og:url\" content=\"https:\/\/agenciam4h.com.br\/draraphaela\/rinoplastia\/\" \/>\n<meta property=\"og:site_name\" content=\"Dra. Raphaela Amaral - Cirurgi\u00e3 Pl\u00e1stica\" \/>\n<meta property=\"article:modified_time\" content=\"2023-06-21T20:50:19+00:00\" \/>\n<meta name=\"twitter:card\" content=\"summary_large_image\" \/>\n<meta name=\"twitter:label1\" content=\"Est. tempo de leitura\" \/>\n\t<meta name=\"twitter:data1\" content=\"3 minutos\" \/>\n<script type=\"application\/ld+json\" class=\"yoast-schema-graph\">{\"@context\":\"https:\/\/schema.org\",\"@graph\":[{\"@type\":\"WebPage\",\"@id\":\"https:\/\/agenciam4h.com.br\/draraphaela\/rinoplastia\/\",\"url\":\"https:\/\/agenciam4h.com.br\/draraphaela\/rinoplastia\/\",\"name\":\"Rinoplastia - Dra. Raphaela Amaral - Cirurgi\u00e3 Pl\u00e1stica\",\"isPartOf\":{\"@id\":\"https:\/\/agenciam4h.com.br\/draraphaela\/#website\"},\"datePublished\":\"2023-06-17T18:51:13+00:00\",\"dateModified\":\"2023-06-21T20:50:19+00:00\",\"breadcrumb\":{\"@id\":\"https:\/\/agenciam4h.com.br\/draraphaela\/rinoplastia\/#breadcrumb\"},\"inLanguage\":\"pt-BR\",\"potentialAction\":[{\"@type\":\"ReadAction\",\"target\":[\"https:\/\/agenciam4h.com.br\/draraphaela\/rinoplastia\/\"]}]},{\"@type\":\"BreadcrumbList\",\"@id\":\"https:\/\/agenciam4h.com.br\/draraphaela\/rinoplastia\/#breadcrumb\",\"itemListElement\":[{\"@type\":\"ListItem\",\"position\":1,\"name\":\"In\u00edcio\",\"item\":\"https:\/\/agenciam4h.com.br\/draraphaela\/\"},{\"@type\":\"ListItem\",\"position\":2,\"name\":\"Rinoplastia\"}]},{\"@type\":\"WebSite\",\"@id\":\"https:\/\/agenciam4h.com.br\/draraphaela\/#website\",\"url\":\"https:\/\/agenciam4h.com.br\/draraphaela\/\",\"name\":\"Dra. Raphaela Amaral - Cirurgi\u00e3 Pl\u00e1stica\",\"description\":\"\",\"potentialAction\":[{\"@type\":\"SearchAction\",\"target\":{\"@type\":\"EntryPoint\",\"urlTemplate\":\"https:\/\/agenciam4h.com.br\/draraphaela\/?s={search_term_string}\"},\"query-input\":\"required name=search_term_string\"}],\"inLanguage\":\"pt-BR\"}]}<\/script>\n<!-- \/ Yoast SEO plugin. -->","yoast_head_json":{"title":"Rinoplastia - Dra. Raphaela Amaral - Cirurgi\u00e3 Pl\u00e1stica","robots":{"index":"index","follow":"follow","max-snippet":"max-snippet:-1","max-image-preview":"max-image-preview:large","max-video-preview":"max-video-preview:-1"},"canonical":"https:\/\/agenciam4h.com.br\/draraphaela\/rinoplastia\/","og_locale":"pt_BR","og_type":"article","og_title":"Rinoplastia - Dra. Raphaela Amaral - Cirurgi\u00e3 Pl\u00e1stica","og_description":"Rinoplastia A rinoplastia \u00e9 um procedimento cir\u00fargico que visa a remodelar e harmonizar o nariz, proporcionando uma apar\u00eancia equilibrada e natural. Hoje vamos explorar mais sobre a rinoplastia, como acontece a cirurgia, os benef\u00edcios e o que esperar durante o processo de recupera\u00e7\u00e3o. O que \u00e9 a Rinoplastia? A rinoplastia, tamb\u00e9m conhecida como cirurgia de [&hellip;]","og_url":"https:\/\/agenciam4h.com.br\/draraphaela\/rinoplastia\/","og_site_name":"Dra. Raphaela Amaral - Cirurgi\u00e3 Pl\u00e1stica","article_modified_time":"2023-06-21T20:50:19+00:00","twitter_card":"summary_large_image","twitter_misc":{"Est. tempo de leitura":"3 minutos"},"schema":{"@context":"https:\/\/schema.org","@graph":[{"@type":"WebPage","@id":"https:\/\/agenciam4h.com.br\/draraphaela\/rinoplastia\/","url":"https:\/\/agenciam4h.com.br\/draraphaela\/rinoplastia\/","name":"Rinoplastia - Dra. Raphaela Amaral - Cirurgi\u00e3 Pl\u00e1stica","isPartOf":{"@id":"https:\/\/agenciam4h.com.br\/draraphaela\/#website"},"datePublished":"2023-06-17T18:51:13+00:00","dateModified":"2023-06-21T20:50:19+00:00","breadcrumb":{"@id":"https:\/\/agenciam4h.com.br\/draraphaela\/rinoplastia\/#breadcrumb"},"inLanguage":"pt-BR","potentialAction":[{"@type":"ReadAction","target":["https:\/\/agenciam4h.com.br\/draraphaela\/rinoplastia\/"]}]},{"@type":"BreadcrumbList","@id":"https:\/\/agenciam4h.com.br\/draraphaela\/rinoplastia\/#breadcrumb","itemListElement":[{"@type":"ListItem","position":1,"name":"In\u00edcio","item":"https:\/\/agenciam4h.com.br\/draraphaela\/"},{"@type":"ListItem","position":2,"name":"Rinoplastia"}]},{"@type":"WebSite","@id":"https:\/\/agenciam4h.com.br\/draraphaela\/#website","url":"https:\/\/agenciam4h.com.br\/draraphaela\/","name":"Dra. Raphaela Amaral - Cirurgi\u00e3 Pl\u00e1stica","description":"","potentialAction":[{"@type":"SearchAction","target":{"@type":"EntryPoint","urlTemplate":"https:\/\/agenciam4h.com.br\/draraphaela\/?s={search_term_string}"},"query-input":"required name=search_term_string"}],"inLanguage":"pt-BR"}]}},"_links":{"self":[{"href":"https:\/\/agenciam4h.com.br\/draraphaela\/wp-json\/wp\/v2\/pages\/384","targetHints":{"allow":["GET"]}}],"collection":[{"href":"https:\/\/agenciam4h.com.br\/draraphaela\/wp-json\/wp\/v2\/pages"}],"about":[{"href":"https:\/\/agenciam4h.com.br\/draraphaela\/wp-json\/wp\/v2\/types\/page"}],"author":[{"embeddable":true,"href":"https:\/\/agenciam4h.com.br\/draraphaela\/wp-json\/wp\/v2\/users\/2"}],"replies":[{"embeddable":true,"href":"https:\/\/agenciam4h.com.br\/draraphaela\/wp-json\/wp\/v2\/comments?post=384"}],"version-history":[{"count":13,"href":"https:\/\/agenciam4h.com.br\/draraphaela\/wp-json\/wp\/v2\/pages\/384\/revisions"}],"predecessor-version":[{"id":719,"href":"https:\/\/agenciam4h.com.br\/draraphaela\/wp-json\/wp\/v2\/pages\/384\/revisions\/719"}],"wp:attachment":[{"href":"https:\/\/agenciam4h.com.br\/draraphaela\/wp-json\/wp\/v2\/media?parent=384"}],"curies":[{"name":"wp","href":"https:\/\/api.w.org\/{rel}","templated":true}]}}