{"id":500,"date":"2023-06-19T13:34:01","date_gmt":"2023-06-19T13:34:01","guid":{"rendered":"https:\/\/agenciam4h.com.br\/draraphaela\/?page_id=500"},"modified":"2023-06-21T20:17:54","modified_gmt":"2023-06-21T20:17:54","slug":"cirurgia-de-alta-definicao","status":"publish","type":"page","link":"https:\/\/agenciam4h.com.br\/draraphaela\/cirurgia-de-alta-definicao\/","title":{"rendered":"Cirurgia de alta defini\u00e7\u00e3o"},"content":{"rendered":"\t\t<div data-elementor-type=\"wp-page\" data-elementor-id=\"500\" class=\"elementor elementor-500\">\n\t\t\t\t\t\t\t\t\t<section class=\"elementor-section elementor-top-section elementor-element elementor-element-dc0190f elementor-section-boxed elementor-section-height-default elementor-section-height-default\" data-id=\"dc0190f\" data-element_type=\"section\" data-settings=\"{&quot;background_background&quot;:&quot;classic&quot;}\">\n\t\t\t\t\t\t<div class=\"elementor-container elementor-column-gap-default\">\n\t\t\t\t\t<div class=\"elementor-column elementor-col-100 elementor-top-column elementor-element elementor-element-4d8327b\" data-id=\"4d8327b\" data-element_type=\"column\">\n\t\t\t<div class=\"elementor-widget-wrap elementor-element-populated\">\n\t\t\t\t\t\t\t\t<section class=\"elementor-section elementor-inner-section elementor-element elementor-element-e6d96f1 elementor-section-boxed elementor-section-height-default elementor-section-height-default\" data-id=\"e6d96f1\" data-element_type=\"section\">\n\t\t\t\t\t\t<div class=\"elementor-container elementor-column-gap-default\">\n\t\t\t\t\t<div class=\"elementor-column elementor-col-50 elementor-inner-column elementor-element elementor-element-dd7d929\" data-id=\"dd7d929\" data-element_type=\"column\">\n\t\t\t<div class=\"elementor-widget-wrap elementor-element-populated\">\n\t\t\t\t\t\t\t\t<div class=\"elementor-element elementor-element-b8b7945 elementor-widget elementor-widget-heading\" data-id=\"b8b7945\" data-element_type=\"widget\" data-widget_type=\"heading.default\">\n\t\t\t\t<div class=\"elementor-widget-container\">\n\t\t\t<style>\/*! elementor - v3.12.1 - 02-04-2023 *\/\n.elementor-heading-title{padding:0;margin:0;line-height:1}.elementor-widget-heading .elementor-heading-title[class*=elementor-size-]>a{color:inherit;font-size:inherit;line-height:inherit}.elementor-widget-heading .elementor-heading-title.elementor-size-small{font-size:15px}.elementor-widget-heading .elementor-heading-title.elementor-size-medium{font-size:19px}.elementor-widget-heading .elementor-heading-title.elementor-size-large{font-size:29px}.elementor-widget-heading .elementor-heading-title.elementor-size-xl{font-size:39px}.elementor-widget-heading .elementor-heading-title.elementor-size-xxl{font-size:59px}<\/style><h2 class=\"elementor-heading-title elementor-size-default\">Cirurgia de alta defini\u00e7\u00e3o<\/h2>\t\t<\/div>\n\t\t\t\t<\/div>\n\t\t\t\t<div class=\"elementor-element elementor-element-93a593f elementor-widget elementor-widget-text-editor\" data-id=\"93a593f\" data-element_type=\"widget\" data-widget_type=\"text-editor.default\">\n\t\t\t\t<div class=\"elementor-widget-container\">\n\t\t\t<style>\/*! elementor - v3.12.1 - 02-04-2023 *\/\n.elementor-widget-text-editor.elementor-drop-cap-view-stacked .elementor-drop-cap{background-color:#69727d;color:#fff}.elementor-widget-text-editor.elementor-drop-cap-view-framed .elementor-drop-cap{color:#69727d;border:3px solid;background-color:transparent}.elementor-widget-text-editor:not(.elementor-drop-cap-view-default) .elementor-drop-cap{margin-top:8px}.elementor-widget-text-editor:not(.elementor-drop-cap-view-default) .elementor-drop-cap-letter{width:1em;height:1em}.elementor-widget-text-editor .elementor-drop-cap{float:left;text-align:center;line-height:1;font-size:50px}.elementor-widget-text-editor .elementor-drop-cap-letter{display:inline-block}<\/style>\t\t\t\t<p>A cirurgia de alta defini\u00e7\u00e3o \u00e9 um procedimento avan\u00e7ado que visa a esculpir e definir os contornos corporais, proporcionando um aspecto atl\u00e9tico e tonificado. Tamb\u00e9m conhecida como VASER\u00ae HD, essa t\u00e9cnica revolucion\u00e1ria utiliza um ultrassom para remover seletivamente o excesso de gordura ao redor dos m\u00fasculos, revelando os detalhes e a defini\u00e7\u00e3o subjacente. Saiba tudo sobre a cirurgia de alta defini\u00e7\u00e3o e como ela pode transformar seu corpo com resultados precisos.<\/p>\t\t\t\t\t\t<\/div>\n\t\t\t\t<\/div>\n\t\t\t\t<div class=\"elementor-element elementor-element-0410ad3 elementor-widget elementor-widget-heading\" data-id=\"0410ad3\" data-element_type=\"widget\" data-widget_type=\"heading.default\">\n\t\t\t\t<div class=\"elementor-widget-container\">\n\t\t\t<h4 class=\"elementor-heading-title elementor-size-default\">Como Funciona a Cirurgia de Alta Defini\u00e7\u00e3o?<\/h4>\t\t<\/div>\n\t\t\t\t<\/div>\n\t\t\t\t<div class=\"elementor-element elementor-element-631dfcc elementor-widget elementor-widget-text-editor\" data-id=\"631dfcc\" data-element_type=\"widget\" data-widget_type=\"text-editor.default\">\n\t\t\t\t<div class=\"elementor-widget-container\">\n\t\t\t\t\t\t\t<p>Realiza-se a cirurgia de alta defini\u00e7\u00e3o sob anestesia geral. Ela consiste em tr\u00eas etapas principais: a remo\u00e7\u00e3o seletiva de gordura, a defini\u00e7\u00e3o dos contornos musculares e a finaliza\u00e7\u00e3o do procedimento. A cirurgi\u00e3 pl\u00e1stica utiliza o ultrassom VASER\u00ae para liquefazer e emulsificar a gordura, tornando-a mais f\u00e1cil de ser removida com c\u00e2nulas especiais. Em seguida, a m\u00e9dica esculpe e define os contornos musculares, ressaltando os detalhes e a defini\u00e7\u00e3o. Por fim, remove o excesso de pele e fecha a incis\u00e3o.<\/p><p>A cirurgia de alta defini\u00e7\u00e3o \u00e9 ideal para pessoas que desejam uma apar\u00eancia mais atl\u00e9tica e tonificada, mas que possuem dep\u00f3sitos de gordura persistentes que n\u00e3o respondem a dietas e exerc\u00edcios f\u00edsicos. As \u00e1reas mais comumente tratadas incluem abd\u00f4men, flancos, costas, bra\u00e7os, coxas e gl\u00fateos. A cirurgi\u00e3 pl\u00e1stica ir\u00e1 avaliar suas necessidades individuais durante a consulta inicial e recomendar as \u00e1reas do corpo que podem receber tratamento para alcan\u00e7ar os melhores resultados.<\/p><p>A recupera\u00e7\u00e3o ap\u00f3s a cirurgia de alta defini\u00e7\u00e3o pode variar de paciente para paciente, mas em geral, envolve um per\u00edodo de repouso e cuidados especiais. Portanto, siga todas as orienta\u00e7\u00f5es da cirurgi\u00e3 pl\u00e1stica, que podem incluir o uso de roupas de compress\u00e3o, evitar atividades f\u00edsicas extenuantes por algumas semanas e tomar os medicamentos prescritos corretamente. Al\u00e9m disso, o acompanhamento regular com a cirurgi\u00e3 pl\u00e1stica \u00e9 fundamental para monitorar o progresso da recupera\u00e7\u00e3o e garantir resultados satisfat\u00f3rios.<\/p><p>A cirurgia de alta defini\u00e7\u00e3o pode proporcionar resultados precisos e transformadores, esculpindo e definindo os contornos corporais de forma not\u00e1vel. No entanto, \u00e9 importante ter expectativas realistas em rela\u00e7\u00e3o aos resultados. A cirurgi\u00e3 pl\u00e1stica ir\u00e1 discutir em detalhes os resultados que podem ser alcan\u00e7ados, levando em considera\u00e7\u00e3o suas caracter\u00edsticas individuais e objetivos est\u00e9ticos.<\/p>\t\t\t\t\t\t<\/div>\n\t\t\t\t<\/div>\n\t\t\t\t<div class=\"elementor-element elementor-element-5106e31 elementor-widget elementor-widget-heading\" data-id=\"5106e31\" data-element_type=\"widget\" data-widget_type=\"heading.default\">\n\t\t\t\t<div class=\"elementor-widget-container\">\n\t\t\t<h4 class=\"elementor-heading-title elementor-size-default\">Voc\u00ea precisa consultar uma especialista<\/h4>\t\t<\/div>\n\t\t\t\t<\/div>\n\t\t\t\t<div class=\"elementor-element elementor-element-a3c12ea elementor-widget elementor-widget-text-editor\" data-id=\"a3c12ea\" data-element_type=\"widget\" data-widget_type=\"text-editor.default\">\n\t\t\t\t<div class=\"elementor-widget-container\">\n\t\t\t\t\t\t\t<p>Lembre-se de que cada caso \u00e9 \u00fanico e os resultados podem variar. \u00c9 essencial escolher uma cirurgi\u00e3 pl\u00e1stica experiente, certificada pela Sociedade Brasileira de Cirurgia Pl\u00e1stica (SBCP), para realizar a cirurgia de alta defini\u00e7\u00e3o. Essa certifica\u00e7\u00e3o garante que a profissional segue os mais altos padr\u00f5es de qualidade, seguran\u00e7a e \u00e9tica profissional.<\/p><p>Al\u00e9m disso, durante a consulta, a cirurgi\u00e3 pl\u00e1stica ir\u00e1 responder a todas as suas perguntas e fornecer informa\u00e7\u00f5es detalhadas sobre o procedimento. Ela ir\u00e1 explicar os riscos e benef\u00edcios envolvidos, assim como os cuidados pr\u00e9 e p\u00f3s-operat\u00f3rios necess\u00e1rios. Ao compreender todos os aspectos da cirurgia de alta defini\u00e7\u00e3o, voc\u00ea poder\u00e1 tomar uma decis\u00e3o informada e confiante em rela\u00e7\u00e3o ao procedimento.<\/p><p>Durante o per\u00edodo de recupera\u00e7\u00e3o, siga todas as orienta\u00e7\u00f5es da cirurgi\u00e3 pl\u00e1stica. Isso inclui o uso adequado das roupas de compress\u00e3o, trocar os curativos conforme as instru\u00e7\u00f5es e evitar atividades f\u00edsicas extenuantes. Realize o acompanhamento p\u00f3s-operat\u00f3rio para garantir uma recupera\u00e7\u00e3o adequada e a obten\u00e7\u00e3o de resultados \u00f3timos.<\/p><p>A cirurgia de alta defini\u00e7\u00e3o pode ser uma solu\u00e7\u00e3o eficaz para mulheres que desejam melhorar seus contornos corporais e alcan\u00e7ar uma apar\u00eancia mais atl\u00e9tica. Ela pode proporcionar uma defini\u00e7\u00e3o muscular aprimorada, eliminando dep\u00f3sitos de gordura persistentes. No entanto, \u00e9 importante lembrar que os resultados podem variar de acordo com cada indiv\u00edduo. Por isso, tenha expectativas realistas e converse abertamente com a cirurgi\u00e3 pl\u00e1stica sobre suas metas e desejos.<\/p>\t\t\t\t\t\t<\/div>\n\t\t\t\t<\/div>\n\t\t\t\t\t<\/div>\n\t\t<\/div>\n\t\t\t\t<div class=\"elementor-column elementor-col-50 elementor-inner-column elementor-element elementor-element-78efada\" data-id=\"78efada\" data-element_type=\"column\">\n\t\t\t<div class=\"elementor-widget-wrap elementor-element-populated\">\n\t\t\t\t\t\t\t\t<div class=\"elementor-element elementor-element-df23358 elementor-widget elementor-widget-heading\" data-id=\"df23358\" data-element_type=\"widget\" data-widget_type=\"heading.default\">\n\t\t\t\t<div class=\"elementor-widget-container\">\n\t\t\t<h4 class=\"elementor-heading-title elementor-size-default\">Corporal<\/h4>\t\t<\/div>\n\t\t\t\t<\/div>\n\t\t\t\t<div class=\"elementor-element elementor-element-024cc62 elementor-nav-menu__align-center elementor-nav-menu--dropdown-none elementor-widget elementor-widget-nav-menu\" data-id=\"024cc62\" data-element_type=\"widget\" data-settings=\"{&quot;layout&quot;:&quot;vertical&quot;,&quot;submenu_icon&quot;:{&quot;value&quot;:&quot;&lt;i class=\\&quot;fas fa-caret-down\\&quot;&gt;&lt;\\\/i&gt;&quot;,&quot;library&quot;:&quot;fa-solid&quot;}}\" data-widget_type=\"nav-menu.default\">\n\t\t\t\t<div class=\"elementor-widget-container\">\n\t\t\t<link rel=\"stylesheet\" href=\"https:\/\/agenciam4h.com.br\/draraphaela\/wp-content\/uploads\/elementor\/css\/custom-pro-widget-nav-menu.min.css?ver=1685460411\">\t\t\t<nav class=\"elementor-nav-menu--main elementor-nav-menu__container elementor-nav-menu--layout-vertical e--pointer-background e--animation-fade\">\n\t\t\t\t<ul id=\"menu-1-024cc62\" class=\"elementor-nav-menu sm-vertical\"><li class=\"menu-item menu-item-type-post_type menu-item-object-page menu-item-505\"><a href=\"https:\/\/agenciam4h.com.br\/draraphaela\/cirurgia-de-alta-definicao\/\" class=\"elementor-item\">Cirurgia de alta defini\u00e7\u00e3o<\/a><\/li>\n<li class=\"menu-item menu-item-type-post_type menu-item-object-page menu-item-515\"><a href=\"https:\/\/agenciam4h.com.br\/draraphaela\/lipoaspiracao\/\" class=\"elementor-item\">Lipoaspira\u00e7\u00e3o<\/a><\/li>\n<li class=\"menu-item menu-item-type-post_type menu-item-object-page menu-item-521\"><a href=\"https:\/\/agenciam4h.com.br\/draraphaela\/cirurgias-combinadas-mama-e-abdomen\/\" class=\"elementor-item\">Cirurgias Combinadas (Mama e abd\u00f4men)<\/a><\/li>\n<li class=\"menu-item menu-item-type-post_type menu-item-object-page menu-item-527\"><a href=\"https:\/\/agenciam4h.com.br\/draraphaela\/abdominoplastia\/\" class=\"elementor-item\">Abdominoplastia<\/a><\/li>\n<\/ul>\t\t\t<\/nav>\n\t\t\t\t\t\t<nav class=\"elementor-nav-menu--dropdown elementor-nav-menu__container\" aria-hidden=\"true\">\n\t\t\t\t<ul id=\"menu-2-024cc62\" class=\"elementor-nav-menu sm-vertical\"><li class=\"menu-item menu-item-type-post_type menu-item-object-page menu-item-505\"><a href=\"https:\/\/agenciam4h.com.br\/draraphaela\/cirurgia-de-alta-definicao\/\" class=\"elementor-item\" tabindex=\"-1\">Cirurgia de alta defini\u00e7\u00e3o<\/a><\/li>\n<li class=\"menu-item menu-item-type-post_type menu-item-object-page menu-item-515\"><a href=\"https:\/\/agenciam4h.com.br\/draraphaela\/lipoaspiracao\/\" class=\"elementor-item\" tabindex=\"-1\">Lipoaspira\u00e7\u00e3o<\/a><\/li>\n<li class=\"menu-item menu-item-type-post_type menu-item-object-page menu-item-521\"><a href=\"https:\/\/agenciam4h.com.br\/draraphaela\/cirurgias-combinadas-mama-e-abdomen\/\" class=\"elementor-item\" tabindex=\"-1\">Cirurgias Combinadas (Mama e abd\u00f4men)<\/a><\/li>\n<li class=\"menu-item menu-item-type-post_type menu-item-object-page menu-item-527\"><a href=\"https:\/\/agenciam4h.com.br\/draraphaela\/abdominoplastia\/\" class=\"elementor-item\" tabindex=\"-1\">Abdominoplastia<\/a><\/li>\n<\/ul>\t\t\t<\/nav>\n\t\t\t\t<\/div>\n\t\t\t\t<\/div>\n\t\t\t\t\t<\/div>\n\t\t<\/div>\n\t\t\t\t\t\t\t<\/div>\n\t\t<\/section>\n\t\t\t\t<section class=\"elementor-section elementor-inner-section elementor-element elementor-element-70592b0 elementor-section-boxed elementor-section-height-default elementor-section-height-default\" data-id=\"70592b0\" data-element_type=\"section\">\n\t\t\t\t\t\t<div class=\"elementor-container elementor-column-gap-default\">\n\t\t\t\t\t<div class=\"elementor-column elementor-col-100 elementor-inner-column elementor-element elementor-element-51f9bb3\" data-id=\"51f9bb3\" data-element_type=\"column\">\n\t\t\t<div class=\"elementor-widget-wrap elementor-element-populated\">\n\t\t\t\t\t\t\t\t<div class=\"elementor-element elementor-element-1a9a8a2 elementor-align-left elementor-widget elementor-widget-button\" data-id=\"1a9a8a2\" data-element_type=\"widget\" data-widget_type=\"button.default\">\n\t\t\t\t<div class=\"elementor-widget-container\">\n\t\t\t\t\t<div class=\"elementor-button-wrapper\">\n\t\t\t<a href=\"https:\/\/api.whatsapp.com\/send\/?phone=5519989763642&#038;text=Gostaria+de+saber+mais+sobre+a+consulta+com+a+Dra.+Raphaela&#038;type=phone_number&#038;app_absent=0\" target=\"_blank\" class=\"elementor-button-link elementor-button elementor-size-md\" role=\"button\">\n\t\t\t\t\t\t<span class=\"elementor-button-content-wrapper\">\n\t\t\t\t\t\t<span class=\"elementor-button-text\">Agende uma consulta<\/span>\n\t\t<\/span>\n\t\t\t\t\t<\/a>\n\t\t<\/div>\n\t\t\t\t<\/div>\n\t\t\t\t<\/div>\n\t\t\t\t\t<\/div>\n\t\t<\/div>\n\t\t\t\t\t\t\t<\/div>\n\t\t<\/section>\n\t\t\t\t\t<\/div>\n\t\t<\/div>\n\t\t\t\t\t\t\t<\/div>\n\t\t<\/section>\n\t\t\t\t\t\t\t<\/div>\n\t\t","protected":false},"excerpt":{"rendered":"<p>Cirurgia de alta defini\u00e7\u00e3o A cirurgia de alta defini\u00e7\u00e3o \u00e9 um procedimento avan\u00e7ado que visa a esculpir e definir os contornos corporais, proporcionando um aspecto atl\u00e9tico e tonificado. Tamb\u00e9m conhecida como VASER\u00ae HD, essa t\u00e9cnica revolucion\u00e1ria utiliza um ultrassom para remover seletivamente o excesso de gordura ao redor dos m\u00fasculos, revelando os detalhes e a [&hellip;]<\/p>\n","protected":false},"author":2,"featured_media":0,"parent":0,"menu_order":0,"comment_status":"closed","ping_status":"closed","template":"elementor_header_footer","meta":{"_joinchat":[],"footnotes":""},"class_list":["post-500","page","type-page","status-publish","hentry"],"yoast_head":"<!-- This site is optimized with the Yoast SEO plugin v20.11 - https:\/\/yoast.com\/wordpress\/plugins\/seo\/ -->\n<title>Cirurgia de alta defini\u00e7\u00e3o - Dra. Raphaela Amaral - Cirurgi\u00e3 Pl\u00e1stica<\/title>\n<meta name=\"robots\" content=\"index, follow, max-snippet:-1, max-image-preview:large, max-video-preview:-1\" \/>\n<link rel=\"canonical\" href=\"https:\/\/agenciam4h.com.br\/draraphaela\/cirurgia-de-alta-definicao\/\" \/>\n<meta property=\"og:locale\" content=\"pt_BR\" \/>\n<meta property=\"og:type\" content=\"article\" \/>\n<meta property=\"og:title\" content=\"Cirurgia de alta defini\u00e7\u00e3o - Dra. Raphaela Amaral - Cirurgi\u00e3 Pl\u00e1stica\" \/>\n<meta property=\"og:description\" content=\"Cirurgia de alta defini\u00e7\u00e3o A cirurgia de alta defini\u00e7\u00e3o \u00e9 um procedimento avan\u00e7ado que visa a esculpir e definir os contornos corporais, proporcionando um aspecto atl\u00e9tico e tonificado. Tamb\u00e9m conhecida como VASER\u00ae HD, essa t\u00e9cnica revolucion\u00e1ria utiliza um ultrassom para remover seletivamente o excesso de gordura ao redor dos m\u00fasculos, revelando os detalhes e a [&hellip;]\" \/>\n<meta property=\"og:url\" content=\"https:\/\/agenciam4h.com.br\/draraphaela\/cirurgia-de-alta-definicao\/\" \/>\n<meta property=\"og:site_name\" content=\"Dra. Raphaela Amaral - Cirurgi\u00e3 Pl\u00e1stica\" \/>\n<meta property=\"article:modified_time\" content=\"2023-06-21T20:17:54+00:00\" \/>\n<meta name=\"twitter:card\" content=\"summary_large_image\" \/>\n<meta name=\"twitter:label1\" content=\"Est. tempo de leitura\" \/>\n\t<meta name=\"twitter:data1\" content=\"3 minutos\" \/>\n<script type=\"application\/ld+json\" class=\"yoast-schema-graph\">{\"@context\":\"https:\/\/schema.org\",\"@graph\":[{\"@type\":\"WebPage\",\"@id\":\"https:\/\/agenciam4h.com.br\/draraphaela\/cirurgia-de-alta-definicao\/\",\"url\":\"https:\/\/agenciam4h.com.br\/draraphaela\/cirurgia-de-alta-definicao\/\",\"name\":\"Cirurgia de alta defini\u00e7\u00e3o - Dra. Raphaela Amaral - Cirurgi\u00e3 Pl\u00e1stica\",\"isPartOf\":{\"@id\":\"https:\/\/agenciam4h.com.br\/draraphaela\/#website\"},\"datePublished\":\"2023-06-19T13:34:01+00:00\",\"dateModified\":\"2023-06-21T20:17:54+00:00\",\"breadcrumb\":{\"@id\":\"https:\/\/agenciam4h.com.br\/draraphaela\/cirurgia-de-alta-definicao\/#breadcrumb\"},\"inLanguage\":\"pt-BR\",\"potentialAction\":[{\"@type\":\"ReadAction\",\"target\":[\"https:\/\/agenciam4h.com.br\/draraphaela\/cirurgia-de-alta-definicao\/\"]}]},{\"@type\":\"BreadcrumbList\",\"@id\":\"https:\/\/agenciam4h.com.br\/draraphaela\/cirurgia-de-alta-definicao\/#breadcrumb\",\"itemListElement\":[{\"@type\":\"ListItem\",\"position\":1,\"name\":\"In\u00edcio\",\"item\":\"https:\/\/agenciam4h.com.br\/draraphaela\/\"},{\"@type\":\"ListItem\",\"position\":2,\"name\":\"Cirurgia de alta defini\u00e7\u00e3o\"}]},{\"@type\":\"WebSite\",\"@id\":\"https:\/\/agenciam4h.com.br\/draraphaela\/#website\",\"url\":\"https:\/\/agenciam4h.com.br\/draraphaela\/\",\"name\":\"Dra. Raphaela Amaral - Cirurgi\u00e3 Pl\u00e1stica\",\"description\":\"\",\"potentialAction\":[{\"@type\":\"SearchAction\",\"target\":{\"@type\":\"EntryPoint\",\"urlTemplate\":\"https:\/\/agenciam4h.com.br\/draraphaela\/?s={search_term_string}\"},\"query-input\":\"required name=search_term_string\"}],\"inLanguage\":\"pt-BR\"}]}<\/script>\n<!-- \/ Yoast SEO plugin. -->","yoast_head_json":{"title":"Cirurgia de alta defini\u00e7\u00e3o - Dra. Raphaela Amaral - Cirurgi\u00e3 Pl\u00e1stica","robots":{"index":"index","follow":"follow","max-snippet":"max-snippet:-1","max-image-preview":"max-image-preview:large","max-video-preview":"max-video-preview:-1"},"canonical":"https:\/\/agenciam4h.com.br\/draraphaela\/cirurgia-de-alta-definicao\/","og_locale":"pt_BR","og_type":"article","og_title":"Cirurgia de alta defini\u00e7\u00e3o - Dra. Raphaela Amaral - Cirurgi\u00e3 Pl\u00e1stica","og_description":"Cirurgia de alta defini\u00e7\u00e3o A cirurgia de alta defini\u00e7\u00e3o \u00e9 um procedimento avan\u00e7ado que visa a esculpir e definir os contornos corporais, proporcionando um aspecto atl\u00e9tico e tonificado. Tamb\u00e9m conhecida como VASER\u00ae HD, essa t\u00e9cnica revolucion\u00e1ria utiliza um ultrassom para remover seletivamente o excesso de gordura ao redor dos m\u00fasculos, revelando os detalhes e a [&hellip;]","og_url":"https:\/\/agenciam4h.com.br\/draraphaela\/cirurgia-de-alta-definicao\/","og_site_name":"Dra. Raphaela Amaral - Cirurgi\u00e3 Pl\u00e1stica","article_modified_time":"2023-06-21T20:17:54+00:00","twitter_card":"summary_large_image","twitter_misc":{"Est. tempo de leitura":"3 minutos"},"schema":{"@context":"https:\/\/schema.org","@graph":[{"@type":"WebPage","@id":"https:\/\/agenciam4h.com.br\/draraphaela\/cirurgia-de-alta-definicao\/","url":"https:\/\/agenciam4h.com.br\/draraphaela\/cirurgia-de-alta-definicao\/","name":"Cirurgia de alta defini\u00e7\u00e3o - Dra. Raphaela Amaral - Cirurgi\u00e3 Pl\u00e1stica","isPartOf":{"@id":"https:\/\/agenciam4h.com.br\/draraphaela\/#website"},"datePublished":"2023-06-19T13:34:01+00:00","dateModified":"2023-06-21T20:17:54+00:00","breadcrumb":{"@id":"https:\/\/agenciam4h.com.br\/draraphaela\/cirurgia-de-alta-definicao\/#breadcrumb"},"inLanguage":"pt-BR","potentialAction":[{"@type":"ReadAction","target":["https:\/\/agenciam4h.com.br\/draraphaela\/cirurgia-de-alta-definicao\/"]}]},{"@type":"BreadcrumbList","@id":"https:\/\/agenciam4h.com.br\/draraphaela\/cirurgia-de-alta-definicao\/#breadcrumb","itemListElement":[{"@type":"ListItem","position":1,"name":"In\u00edcio","item":"https:\/\/agenciam4h.com.br\/draraphaela\/"},{"@type":"ListItem","position":2,"name":"Cirurgia de alta defini\u00e7\u00e3o"}]},{"@type":"WebSite","@id":"https:\/\/agenciam4h.com.br\/draraphaela\/#website","url":"https:\/\/agenciam4h.com.br\/draraphaela\/","name":"Dra. Raphaela Amaral - Cirurgi\u00e3 Pl\u00e1stica","description":"","potentialAction":[{"@type":"SearchAction","target":{"@type":"EntryPoint","urlTemplate":"https:\/\/agenciam4h.com.br\/draraphaela\/?s={search_term_string}"},"query-input":"required name=search_term_string"}],"inLanguage":"pt-BR"}]}},"_links":{"self":[{"href":"https:\/\/agenciam4h.com.br\/draraphaela\/wp-json\/wp\/v2\/pages\/500","targetHints":{"allow":["GET"]}}],"collection":[{"href":"https:\/\/agenciam4h.com.br\/draraphaela\/wp-json\/wp\/v2\/pages"}],"about":[{"href":"https:\/\/agenciam4h.com.br\/draraphaela\/wp-json\/wp\/v2\/types\/page"}],"author":[{"embeddable":true,"href":"https:\/\/agenciam4h.com.br\/draraphaela\/wp-json\/wp\/v2\/users\/2"}],"replies":[{"embeddable":true,"href":"https:\/\/agenciam4h.com.br\/draraphaela\/wp-json\/wp\/v2\/comments?post=500"}],"version-history":[{"count":10,"href":"https:\/\/agenciam4h.com.br\/draraphaela\/wp-json\/wp\/v2\/pages\/500\/revisions"}],"predecessor-version":[{"id":698,"href":"https:\/\/agenciam4h.com.br\/draraphaela\/wp-json\/wp\/v2\/pages\/500\/revisions\/698"}],"wp:attachment":[{"href":"https:\/\/agenciam4h.com.br\/draraphaela\/wp-json\/wp\/v2\/media?parent=500"}],"curies":[{"name":"wp","href":"https:\/\/api.w.org\/{rel}","templated":true}]}}