{"id":522,"date":"2023-06-19T13:41:42","date_gmt":"2023-06-19T13:41:42","guid":{"rendered":"https:\/\/agenciam4h.com.br\/draraphaela\/?page_id=522"},"modified":"2023-06-21T20:44:03","modified_gmt":"2023-06-21T20:44:03","slug":"abdominoplastia","status":"publish","type":"page","link":"https:\/\/agenciam4h.com.br\/draraphaela\/abdominoplastia\/","title":{"rendered":"Abdominoplastia"},"content":{"rendered":"\t\t<div data-elementor-type=\"wp-page\" data-elementor-id=\"522\" class=\"elementor elementor-522\">\n\t\t\t\t\t\t\t\t\t<section class=\"elementor-section elementor-top-section elementor-element elementor-element-dc0190f elementor-section-boxed elementor-section-height-default elementor-section-height-default\" data-id=\"dc0190f\" data-element_type=\"section\" data-settings=\"{&quot;background_background&quot;:&quot;classic&quot;}\">\n\t\t\t\t\t\t<div class=\"elementor-container elementor-column-gap-default\">\n\t\t\t\t\t<div class=\"elementor-column elementor-col-100 elementor-top-column elementor-element elementor-element-4d8327b\" data-id=\"4d8327b\" data-element_type=\"column\">\n\t\t\t<div class=\"elementor-widget-wrap elementor-element-populated\">\n\t\t\t\t\t\t\t\t<section class=\"elementor-section elementor-inner-section elementor-element elementor-element-e6d96f1 elementor-section-boxed elementor-section-height-default elementor-section-height-default\" data-id=\"e6d96f1\" data-element_type=\"section\">\n\t\t\t\t\t\t<div class=\"elementor-container elementor-column-gap-default\">\n\t\t\t\t\t<div class=\"elementor-column elementor-col-50 elementor-inner-column elementor-element elementor-element-dd7d929\" data-id=\"dd7d929\" data-element_type=\"column\">\n\t\t\t<div class=\"elementor-widget-wrap elementor-element-populated\">\n\t\t\t\t\t\t\t\t<div class=\"elementor-element elementor-element-b8b7945 elementor-widget elementor-widget-heading\" data-id=\"b8b7945\" data-element_type=\"widget\" data-widget_type=\"heading.default\">\n\t\t\t\t<div class=\"elementor-widget-container\">\n\t\t\t<style>\/*! elementor - v3.12.1 - 02-04-2023 *\/\n.elementor-heading-title{padding:0;margin:0;line-height:1}.elementor-widget-heading .elementor-heading-title[class*=elementor-size-]>a{color:inherit;font-size:inherit;line-height:inherit}.elementor-widget-heading .elementor-heading-title.elementor-size-small{font-size:15px}.elementor-widget-heading .elementor-heading-title.elementor-size-medium{font-size:19px}.elementor-widget-heading .elementor-heading-title.elementor-size-large{font-size:29px}.elementor-widget-heading .elementor-heading-title.elementor-size-xl{font-size:39px}.elementor-widget-heading .elementor-heading-title.elementor-size-xxl{font-size:59px}<\/style><h2 class=\"elementor-heading-title elementor-size-default\">Abdominoplastia<\/h2>\t\t<\/div>\n\t\t\t\t<\/div>\n\t\t\t\t<div class=\"elementor-element elementor-element-93a593f elementor-widget elementor-widget-text-editor\" data-id=\"93a593f\" data-element_type=\"widget\" data-widget_type=\"text-editor.default\">\n\t\t\t\t<div class=\"elementor-widget-container\">\n\t\t\t<style>\/*! elementor - v3.12.1 - 02-04-2023 *\/\n.elementor-widget-text-editor.elementor-drop-cap-view-stacked .elementor-drop-cap{background-color:#69727d;color:#fff}.elementor-widget-text-editor.elementor-drop-cap-view-framed .elementor-drop-cap{color:#69727d;border:3px solid;background-color:transparent}.elementor-widget-text-editor:not(.elementor-drop-cap-view-default) .elementor-drop-cap{margin-top:8px}.elementor-widget-text-editor:not(.elementor-drop-cap-view-default) .elementor-drop-cap-letter{width:1em;height:1em}.elementor-widget-text-editor .elementor-drop-cap{float:left;text-align:center;line-height:1;font-size:50px}.elementor-widget-text-editor .elementor-drop-cap-letter{display:inline-block}<\/style>\t\t\t\t<p>A abdominoplastia \u00e9 um procedimento cir\u00fargico popular que visa a restaurar a firmeza e a apar\u00eancia est\u00e9tica do abd\u00f4men, removendo o excesso de pele e gordura abdominal. Tamb\u00e9m conhecida como dermolipectomia abdominal, essa interven\u00e7\u00e3o cir\u00fargica pode proporcionar resultados not\u00e1veis para homens e mulheres que desejam recuperar a autoconfian\u00e7a e alcan\u00e7ar um contorno corporal mais harmonioso. Portanto, neste artigo, vamos explorar tudo sobre a abdominoplastia e como ela pode transformar sua apar\u00eancia.<\/p>\t\t\t\t\t\t<\/div>\n\t\t\t\t<\/div>\n\t\t\t\t<div class=\"elementor-element elementor-element-0410ad3 elementor-widget elementor-widget-heading\" data-id=\"0410ad3\" data-element_type=\"widget\" data-widget_type=\"heading.default\">\n\t\t\t\t<div class=\"elementor-widget-container\">\n\t\t\t<h4 class=\"elementor-heading-title elementor-size-default\">O que \u00e9 a Abdominoplastia e como funciona?<\/h4>\t\t<\/div>\n\t\t\t\t<\/div>\n\t\t\t\t<div class=\"elementor-element elementor-element-631dfcc elementor-widget elementor-widget-text-editor\" data-id=\"631dfcc\" data-element_type=\"widget\" data-widget_type=\"text-editor.default\">\n\t\t\t\t<div class=\"elementor-widget-container\">\n\t\t\t\t\t\t\t<p>A abdominoplastia \u00e9 um procedimento cir\u00fargico que envolve a remo\u00e7\u00e3o do excesso de pele e gordura abdominal, al\u00e9m do reposicionamento dos m\u00fasculos abdominais enfraquecidos. Durante a cirurgia, a m\u00e9dica realiza uma incis\u00e3o na regi\u00e3o abdominal inferior, removendo o excesso de tecido e remodelando a \u00e1rea. Os m\u00fasculos abdominais s\u00e3o ent\u00e3o suturados em uma posi\u00e7\u00e3o mais firme, resultando em um abd\u00f4men mais plano e tonificado.<\/p><p>A abdominoplastia \u00e9 indicada para mulheres que t\u00eam excesso de pele e gordura abdominal que n\u00e3o podem ser eliminados com dieta e exerc\u00edcios f\u00edsicos. As candidatas ideais para o procedimento s\u00e3o aquelas que est\u00e3o pr\u00f3ximas do peso ideal, t\u00eam uma boa sa\u00fade geral e t\u00eam expectativas realistas em rela\u00e7\u00e3o aos resultados. Durante a consulta inicial, a cirurgi\u00e3 pl\u00e1stica ir\u00e1 avaliar cuidadosamente seu caso, discutir suas<\/p><p>preocupa\u00e7\u00f5es e objetivos, e determinar se a abdominoplastia \u00e9 a melhor op\u00e7\u00e3o para voc\u00ea.<\/p><p>Existem diferentes tipos de abdominoplastia, e a escolha do procedimento depende das necessidades e caracter\u00edsticas individuais da paciente. A abdominoplastia completa envolve a remo\u00e7\u00e3o do excesso de pele e gordura em toda a regi\u00e3o abdominal, desde a parte inferior do abd\u00f4men at\u00e9 o osso pubiano. J\u00e1 a mini abdominoplastia \u00e9 indicada para mulheres que t\u00eam um excesso de pele e gordura limitados abaixo do umbigo. Em alguns casos, a abdominoplastia pode ser combinada com outros procedimentos, como lipoaspira\u00e7\u00e3o, para obter resultados mais abrangentes.<\/p>\t\t\t\t\t\t<\/div>\n\t\t\t\t<\/div>\n\t\t\t\t<div class=\"elementor-element elementor-element-5106e31 elementor-widget elementor-widget-heading\" data-id=\"5106e31\" data-element_type=\"widget\" data-widget_type=\"heading.default\">\n\t\t\t\t<div class=\"elementor-widget-container\">\n\t\t\t<h4 class=\"elementor-heading-title elementor-size-default\">Recupera\u00e7\u00e3o e Cuidados P\u00f3s-Operat\u00f3rios<\/h4>\t\t<\/div>\n\t\t\t\t<\/div>\n\t\t\t\t<div class=\"elementor-element elementor-element-a3c12ea elementor-widget elementor-widget-text-editor\" data-id=\"a3c12ea\" data-element_type=\"widget\" data-widget_type=\"text-editor.default\">\n\t\t\t\t<div class=\"elementor-widget-container\">\n\t\t\t\t\t\t\t<p>A recupera\u00e7\u00e3o ap\u00f3s a abdominoplastia requer cuidados especiais. Durante esse per\u00edodo, voc\u00ea precisar\u00e1 seguir as orienta\u00e7\u00f5es da cirurgi\u00e3 pl\u00e1stica, incluindo o uso de roupas de compress\u00e3o, a administra\u00e7\u00e3o de medicamentos prescritos, a realiza\u00e7\u00e3o de curativos adequados e a ado\u00e7\u00e3o de um plano de repouso adequado. \u00c9 comum sentir algum desconforto, incha\u00e7o e hematomas nas primeiras semanas ap\u00f3s a cirurgia, mas esses sintomas geralmente diminuem com o tempo. Contudo, \u00e9 importante evitar esfor\u00e7os f\u00edsicos intensos durante o per\u00edodo de recupera\u00e7\u00e3o e seguir uma dieta saud\u00e1vel para auxiliar na cicatriza\u00e7\u00e3o.<\/p><p>A abdominoplastia pode proporcionar resultados not\u00e1veis, ajudando a alcan\u00e7ar um abd\u00f4men mais plano, tonificado e firme. Al\u00e9m de melhorar a apar\u00eancia est\u00e9tica, o procedimento tamb\u00e9m pode trazer benef\u00edcios para a sa\u00fade, como o al\u00edvio de dores nas costas causadas pelo enfraquecimento dos m\u00fasculos abdominais. Al\u00e9m disso, os resultados da abdominoplastia s\u00e3o duradouros, desde que a paciente mantenha um estilo de vida saud\u00e1vel, com uma alimenta\u00e7\u00e3o balanceada e a pr\u00e1tica regular de exerc\u00edcios f\u00edsicos.<\/p><p>Ao optar pela abdominoplastia, \u00e9 fundamental escolher uma cirurgi\u00e3 pl\u00e1stica altamente qualificada e experiente. Certifique-se de pesquisar as credenciais da profissional, verificar sua forma\u00e7\u00e3o acad\u00eamica, certifica\u00e7\u00f5es e experi\u00eancia espec\u00edfica em abdominoplastia. Agende uma consulta inicial para conhecer a m\u00e9dica, discutir suas preocupa\u00e7\u00f5es, expectativas e esclarecer todas as suas d\u00favidas sobre o procedimento.<\/p>\t\t\t\t\t\t<\/div>\n\t\t\t\t<\/div>\n\t\t\t\t<div class=\"elementor-element elementor-element-a696aef elementor-widget elementor-widget-heading\" data-id=\"a696aef\" data-element_type=\"widget\" data-widget_type=\"heading.default\">\n\t\t\t\t<div class=\"elementor-widget-container\">\n\t\t\t<h4 class=\"elementor-heading-title elementor-size-default\">Consulte uma especialista<\/h4>\t\t<\/div>\n\t\t\t\t<\/div>\n\t\t\t\t<div class=\"elementor-element elementor-element-770156f elementor-widget elementor-widget-text-editor\" data-id=\"770156f\" data-element_type=\"widget\" data-widget_type=\"text-editor.default\">\n\t\t\t\t<div class=\"elementor-widget-container\">\n\t\t\t\t\t\t\t<p>Portanto, se voc\u00ea deseja recuperar a firmeza e a apar\u00eancia est\u00e9tica do seu abd\u00f4men, a abdominoplastia pode ser a solu\u00e7\u00e3o para voc\u00ea. Agende uma consulta com uma cirurgi\u00e3 pl\u00e1stica especializada em abdominoplastia e descubra como \u00e9 poss\u00edvel alcan\u00e7ar seus objetivos est\u00e9ticos. Durante a consulta, voc\u00ea receber\u00e1 todas as informa\u00e7\u00f5es necess\u00e1rias sobre o procedimento, incluindo os riscos, benef\u00edcios, cuidados p\u00f3s-operat\u00f3rios e expectativas realistas de resultados.<\/p><p>Lembre-se de que cada pessoa \u00e9 \u00fanica, e os resultados da abdominoplastia podem variar. No entanto, com uma cirurgi\u00e3 pl\u00e1stica experiente e comprometida, voc\u00ea estar\u00e1 em boas m\u00e3os para alcan\u00e7ar um abd\u00f4men mais firme e tonificado.<\/p>\t\t\t\t\t\t<\/div>\n\t\t\t\t<\/div>\n\t\t\t\t\t<\/div>\n\t\t<\/div>\n\t\t\t\t<div class=\"elementor-column elementor-col-50 elementor-inner-column elementor-element elementor-element-78efada\" data-id=\"78efada\" data-element_type=\"column\">\n\t\t\t<div class=\"elementor-widget-wrap elementor-element-populated\">\n\t\t\t\t\t\t\t\t<div class=\"elementor-element elementor-element-df23358 elementor-widget elementor-widget-heading\" data-id=\"df23358\" data-element_type=\"widget\" data-widget_type=\"heading.default\">\n\t\t\t\t<div class=\"elementor-widget-container\">\n\t\t\t<h4 class=\"elementor-heading-title elementor-size-default\">Corporal<\/h4>\t\t<\/div>\n\t\t\t\t<\/div>\n\t\t\t\t<div class=\"elementor-element elementor-element-024cc62 elementor-nav-menu__align-center elementor-nav-menu--dropdown-none elementor-widget elementor-widget-nav-menu\" data-id=\"024cc62\" data-element_type=\"widget\" data-settings=\"{&quot;layout&quot;:&quot;vertical&quot;,&quot;submenu_icon&quot;:{&quot;value&quot;:&quot;&lt;i class=\\&quot;fas fa-caret-down\\&quot;&gt;&lt;\\\/i&gt;&quot;,&quot;library&quot;:&quot;fa-solid&quot;}}\" data-widget_type=\"nav-menu.default\">\n\t\t\t\t<div class=\"elementor-widget-container\">\n\t\t\t<link rel=\"stylesheet\" href=\"https:\/\/agenciam4h.com.br\/draraphaela\/wp-content\/uploads\/elementor\/css\/custom-pro-widget-nav-menu.min.css?ver=1685460411\">\t\t\t<nav class=\"elementor-nav-menu--main elementor-nav-menu__container elementor-nav-menu--layout-vertical e--pointer-background e--animation-fade\">\n\t\t\t\t<ul id=\"menu-1-024cc62\" class=\"elementor-nav-menu sm-vertical\"><li class=\"menu-item menu-item-type-post_type menu-item-object-page menu-item-505\"><a href=\"https:\/\/agenciam4h.com.br\/draraphaela\/cirurgia-de-alta-definicao\/\" class=\"elementor-item\">Cirurgia de alta defini\u00e7\u00e3o<\/a><\/li>\n<li class=\"menu-item menu-item-type-post_type menu-item-object-page menu-item-515\"><a href=\"https:\/\/agenciam4h.com.br\/draraphaela\/lipoaspiracao\/\" class=\"elementor-item\">Lipoaspira\u00e7\u00e3o<\/a><\/li>\n<li class=\"menu-item menu-item-type-post_type menu-item-object-page menu-item-521\"><a href=\"https:\/\/agenciam4h.com.br\/draraphaela\/cirurgias-combinadas-mama-e-abdomen\/\" class=\"elementor-item\">Cirurgias Combinadas (Mama e abd\u00f4men)<\/a><\/li>\n<li class=\"menu-item menu-item-type-post_type menu-item-object-page menu-item-527\"><a href=\"https:\/\/agenciam4h.com.br\/draraphaela\/abdominoplastia\/\" class=\"elementor-item\">Abdominoplastia<\/a><\/li>\n<\/ul>\t\t\t<\/nav>\n\t\t\t\t\t\t<nav class=\"elementor-nav-menu--dropdown elementor-nav-menu__container\" aria-hidden=\"true\">\n\t\t\t\t<ul id=\"menu-2-024cc62\" class=\"elementor-nav-menu sm-vertical\"><li class=\"menu-item menu-item-type-post_type menu-item-object-page menu-item-505\"><a href=\"https:\/\/agenciam4h.com.br\/draraphaela\/cirurgia-de-alta-definicao\/\" class=\"elementor-item\" tabindex=\"-1\">Cirurgia de alta defini\u00e7\u00e3o<\/a><\/li>\n<li class=\"menu-item menu-item-type-post_type menu-item-object-page menu-item-515\"><a href=\"https:\/\/agenciam4h.com.br\/draraphaela\/lipoaspiracao\/\" class=\"elementor-item\" tabindex=\"-1\">Lipoaspira\u00e7\u00e3o<\/a><\/li>\n<li class=\"menu-item menu-item-type-post_type menu-item-object-page menu-item-521\"><a href=\"https:\/\/agenciam4h.com.br\/draraphaela\/cirurgias-combinadas-mama-e-abdomen\/\" class=\"elementor-item\" tabindex=\"-1\">Cirurgias Combinadas (Mama e abd\u00f4men)<\/a><\/li>\n<li class=\"menu-item menu-item-type-post_type menu-item-object-page menu-item-527\"><a href=\"https:\/\/agenciam4h.com.br\/draraphaela\/abdominoplastia\/\" class=\"elementor-item\" tabindex=\"-1\">Abdominoplastia<\/a><\/li>\n<\/ul>\t\t\t<\/nav>\n\t\t\t\t<\/div>\n\t\t\t\t<\/div>\n\t\t\t\t\t<\/div>\n\t\t<\/div>\n\t\t\t\t\t\t\t<\/div>\n\t\t<\/section>\n\t\t\t\t<section class=\"elementor-section elementor-inner-section elementor-element elementor-element-70592b0 elementor-section-boxed elementor-section-height-default elementor-section-height-default\" data-id=\"70592b0\" data-element_type=\"section\">\n\t\t\t\t\t\t<div class=\"elementor-container elementor-column-gap-default\">\n\t\t\t\t\t<div class=\"elementor-column elementor-col-100 elementor-inner-column elementor-element elementor-element-51f9bb3\" data-id=\"51f9bb3\" data-element_type=\"column\">\n\t\t\t<div class=\"elementor-widget-wrap elementor-element-populated\">\n\t\t\t\t\t\t\t\t<div class=\"elementor-element elementor-element-1a9a8a2 elementor-align-left elementor-widget elementor-widget-button\" data-id=\"1a9a8a2\" data-element_type=\"widget\" data-widget_type=\"button.default\">\n\t\t\t\t<div class=\"elementor-widget-container\">\n\t\t\t\t\t<div class=\"elementor-button-wrapper\">\n\t\t\t<a href=\"https:\/\/api.whatsapp.com\/send\/?phone=5519989763642&#038;text=Gostaria+de+saber+mais+sobre+a+consulta+com+a+Dra.+Raphaela&#038;type=phone_number&#038;app_absent=0\" target=\"_blank\" class=\"elementor-button-link elementor-button elementor-size-md\" role=\"button\">\n\t\t\t\t\t\t<span class=\"elementor-button-content-wrapper\">\n\t\t\t\t\t\t<span class=\"elementor-button-text\">Agende uma consulta<\/span>\n\t\t<\/span>\n\t\t\t\t\t<\/a>\n\t\t<\/div>\n\t\t\t\t<\/div>\n\t\t\t\t<\/div>\n\t\t\t\t\t<\/div>\n\t\t<\/div>\n\t\t\t\t\t\t\t<\/div>\n\t\t<\/section>\n\t\t\t\t\t<\/div>\n\t\t<\/div>\n\t\t\t\t\t\t\t<\/div>\n\t\t<\/section>\n\t\t\t\t\t\t\t<\/div>\n\t\t","protected":false},"excerpt":{"rendered":"<p>Abdominoplastia A abdominoplastia \u00e9 um procedimento cir\u00fargico popular que visa a restaurar a firmeza e a apar\u00eancia est\u00e9tica do abd\u00f4men, removendo o excesso de pele e gordura abdominal. Tamb\u00e9m conhecida como dermolipectomia abdominal, essa interven\u00e7\u00e3o cir\u00fargica pode proporcionar resultados not\u00e1veis para homens e mulheres que desejam recuperar a autoconfian\u00e7a e alcan\u00e7ar um contorno corporal mais [&hellip;]<\/p>\n","protected":false},"author":2,"featured_media":0,"parent":0,"menu_order":0,"comment_status":"closed","ping_status":"closed","template":"elementor_header_footer","meta":{"_joinchat":[],"footnotes":""},"class_list":["post-522","page","type-page","status-publish","hentry"],"yoast_head":"<!-- This site is optimized with the Yoast SEO plugin v20.11 - https:\/\/yoast.com\/wordpress\/plugins\/seo\/ -->\n<title>Abdominoplastia - Dra. Raphaela Amaral - Cirurgi\u00e3 Pl\u00e1stica<\/title>\n<meta name=\"robots\" content=\"index, follow, max-snippet:-1, max-image-preview:large, max-video-preview:-1\" \/>\n<link rel=\"canonical\" href=\"https:\/\/agenciam4h.com.br\/draraphaela\/abdominoplastia\/\" \/>\n<meta property=\"og:locale\" content=\"pt_BR\" \/>\n<meta property=\"og:type\" content=\"article\" \/>\n<meta property=\"og:title\" content=\"Abdominoplastia - Dra. Raphaela Amaral - Cirurgi\u00e3 Pl\u00e1stica\" \/>\n<meta property=\"og:description\" content=\"Abdominoplastia A abdominoplastia \u00e9 um procedimento cir\u00fargico popular que visa a restaurar a firmeza e a apar\u00eancia est\u00e9tica do abd\u00f4men, removendo o excesso de pele e gordura abdominal. Tamb\u00e9m conhecida como dermolipectomia abdominal, essa interven\u00e7\u00e3o cir\u00fargica pode proporcionar resultados not\u00e1veis para homens e mulheres que desejam recuperar a autoconfian\u00e7a e alcan\u00e7ar um contorno corporal mais [&hellip;]\" \/>\n<meta property=\"og:url\" content=\"https:\/\/agenciam4h.com.br\/draraphaela\/abdominoplastia\/\" \/>\n<meta property=\"og:site_name\" content=\"Dra. Raphaela Amaral - Cirurgi\u00e3 Pl\u00e1stica\" \/>\n<meta property=\"article:modified_time\" content=\"2023-06-21T20:44:03+00:00\" \/>\n<meta name=\"twitter:card\" content=\"summary_large_image\" \/>\n<meta name=\"twitter:label1\" content=\"Est. tempo de leitura\" \/>\n\t<meta name=\"twitter:data1\" content=\"4 minutos\" \/>\n<script type=\"application\/ld+json\" class=\"yoast-schema-graph\">{\"@context\":\"https:\/\/schema.org\",\"@graph\":[{\"@type\":\"WebPage\",\"@id\":\"https:\/\/agenciam4h.com.br\/draraphaela\/abdominoplastia\/\",\"url\":\"https:\/\/agenciam4h.com.br\/draraphaela\/abdominoplastia\/\",\"name\":\"Abdominoplastia - Dra. Raphaela Amaral - Cirurgi\u00e3 Pl\u00e1stica\",\"isPartOf\":{\"@id\":\"https:\/\/agenciam4h.com.br\/draraphaela\/#website\"},\"datePublished\":\"2023-06-19T13:41:42+00:00\",\"dateModified\":\"2023-06-21T20:44:03+00:00\",\"breadcrumb\":{\"@id\":\"https:\/\/agenciam4h.com.br\/draraphaela\/abdominoplastia\/#breadcrumb\"},\"inLanguage\":\"pt-BR\",\"potentialAction\":[{\"@type\":\"ReadAction\",\"target\":[\"https:\/\/agenciam4h.com.br\/draraphaela\/abdominoplastia\/\"]}]},{\"@type\":\"BreadcrumbList\",\"@id\":\"https:\/\/agenciam4h.com.br\/draraphaela\/abdominoplastia\/#breadcrumb\",\"itemListElement\":[{\"@type\":\"ListItem\",\"position\":1,\"name\":\"In\u00edcio\",\"item\":\"https:\/\/agenciam4h.com.br\/draraphaela\/\"},{\"@type\":\"ListItem\",\"position\":2,\"name\":\"Abdominoplastia\"}]},{\"@type\":\"WebSite\",\"@id\":\"https:\/\/agenciam4h.com.br\/draraphaela\/#website\",\"url\":\"https:\/\/agenciam4h.com.br\/draraphaela\/\",\"name\":\"Dra. Raphaela Amaral - Cirurgi\u00e3 Pl\u00e1stica\",\"description\":\"\",\"potentialAction\":[{\"@type\":\"SearchAction\",\"target\":{\"@type\":\"EntryPoint\",\"urlTemplate\":\"https:\/\/agenciam4h.com.br\/draraphaela\/?s={search_term_string}\"},\"query-input\":\"required name=search_term_string\"}],\"inLanguage\":\"pt-BR\"}]}<\/script>\n<!-- \/ Yoast SEO plugin. -->","yoast_head_json":{"title":"Abdominoplastia - Dra. Raphaela Amaral - Cirurgi\u00e3 Pl\u00e1stica","robots":{"index":"index","follow":"follow","max-snippet":"max-snippet:-1","max-image-preview":"max-image-preview:large","max-video-preview":"max-video-preview:-1"},"canonical":"https:\/\/agenciam4h.com.br\/draraphaela\/abdominoplastia\/","og_locale":"pt_BR","og_type":"article","og_title":"Abdominoplastia - Dra. Raphaela Amaral - Cirurgi\u00e3 Pl\u00e1stica","og_description":"Abdominoplastia A abdominoplastia \u00e9 um procedimento cir\u00fargico popular que visa a restaurar a firmeza e a apar\u00eancia est\u00e9tica do abd\u00f4men, removendo o excesso de pele e gordura abdominal. Tamb\u00e9m conhecida como dermolipectomia abdominal, essa interven\u00e7\u00e3o cir\u00fargica pode proporcionar resultados not\u00e1veis para homens e mulheres que desejam recuperar a autoconfian\u00e7a e alcan\u00e7ar um contorno corporal mais [&hellip;]","og_url":"https:\/\/agenciam4h.com.br\/draraphaela\/abdominoplastia\/","og_site_name":"Dra. Raphaela Amaral - Cirurgi\u00e3 Pl\u00e1stica","article_modified_time":"2023-06-21T20:44:03+00:00","twitter_card":"summary_large_image","twitter_misc":{"Est. tempo de leitura":"4 minutos"},"schema":{"@context":"https:\/\/schema.org","@graph":[{"@type":"WebPage","@id":"https:\/\/agenciam4h.com.br\/draraphaela\/abdominoplastia\/","url":"https:\/\/agenciam4h.com.br\/draraphaela\/abdominoplastia\/","name":"Abdominoplastia - Dra. Raphaela Amaral - Cirurgi\u00e3 Pl\u00e1stica","isPartOf":{"@id":"https:\/\/agenciam4h.com.br\/draraphaela\/#website"},"datePublished":"2023-06-19T13:41:42+00:00","dateModified":"2023-06-21T20:44:03+00:00","breadcrumb":{"@id":"https:\/\/agenciam4h.com.br\/draraphaela\/abdominoplastia\/#breadcrumb"},"inLanguage":"pt-BR","potentialAction":[{"@type":"ReadAction","target":["https:\/\/agenciam4h.com.br\/draraphaela\/abdominoplastia\/"]}]},{"@type":"BreadcrumbList","@id":"https:\/\/agenciam4h.com.br\/draraphaela\/abdominoplastia\/#breadcrumb","itemListElement":[{"@type":"ListItem","position":1,"name":"In\u00edcio","item":"https:\/\/agenciam4h.com.br\/draraphaela\/"},{"@type":"ListItem","position":2,"name":"Abdominoplastia"}]},{"@type":"WebSite","@id":"https:\/\/agenciam4h.com.br\/draraphaela\/#website","url":"https:\/\/agenciam4h.com.br\/draraphaela\/","name":"Dra. Raphaela Amaral - Cirurgi\u00e3 Pl\u00e1stica","description":"","potentialAction":[{"@type":"SearchAction","target":{"@type":"EntryPoint","urlTemplate":"https:\/\/agenciam4h.com.br\/draraphaela\/?s={search_term_string}"},"query-input":"required name=search_term_string"}],"inLanguage":"pt-BR"}]}},"_links":{"self":[{"href":"https:\/\/agenciam4h.com.br\/draraphaela\/wp-json\/wp\/v2\/pages\/522","targetHints":{"allow":["GET"]}}],"collection":[{"href":"https:\/\/agenciam4h.com.br\/draraphaela\/wp-json\/wp\/v2\/pages"}],"about":[{"href":"https:\/\/agenciam4h.com.br\/draraphaela\/wp-json\/wp\/v2\/types\/page"}],"author":[{"embeddable":true,"href":"https:\/\/agenciam4h.com.br\/draraphaela\/wp-json\/wp\/v2\/users\/2"}],"replies":[{"embeddable":true,"href":"https:\/\/agenciam4h.com.br\/draraphaela\/wp-json\/wp\/v2\/comments?post=522"}],"version-history":[{"count":7,"href":"https:\/\/agenciam4h.com.br\/draraphaela\/wp-json\/wp\/v2\/pages\/522\/revisions"}],"predecessor-version":[{"id":707,"href":"https:\/\/agenciam4h.com.br\/draraphaela\/wp-json\/wp\/v2\/pages\/522\/revisions\/707"}],"wp:attachment":[{"href":"https:\/\/agenciam4h.com.br\/draraphaela\/wp-json\/wp\/v2\/media?parent=522"}],"curies":[{"name":"wp","href":"https:\/\/api.w.org\/{rel}","templated":true}]}}